{"id":3903,"date":"2026-02-22T22:18:07","date_gmt":"2026-02-22T22:18:07","guid":{"rendered":"https:\/\/twoglass.co\/?page_id=3903"},"modified":"2026-02-22T22:20:36","modified_gmt":"2026-02-22T22:20:36","slug":"gracias-2","status":"publish","type":"page","link":"https:\/\/twoglass.co\/en\/gracias-2\/","title":{"rendered":"Gracias 2"},"content":{"rendered":"<div data-elementor-type=\"wp-page\" data-elementor-id=\"3903\" class=\"elementor elementor-3903\" data-elementor-post-type=\"page\">\n\t\t\t\t<div class=\"elementor-element elementor-element-71c6b73 e-con-full e-flex e-con e-parent\" data-id=\"71c6b73\" data-element_type=\"container\" data-e-type=\"container\" data-settings=\"{&quot;background_background&quot;:&quot;classic&quot;}\">\n\t\t<div class=\"elementor-element elementor-element-fa84224 e-con-full e-flex e-con e-child\" data-id=\"fa84224\" data-element_type=\"container\" data-e-type=\"container\">\n\t\t<div class=\"elementor-element elementor-element-0860f6f e-con-full e-flex e-con e-child\" data-id=\"0860f6f\" data-element_type=\"container\" data-e-type=\"container\">\n\t\t\t\t<div class=\"elementor-element elementor-element-c75770a elementor-widget elementor-widget-html\" data-id=\"c75770a\" data-element_type=\"widget\" data-e-type=\"widget\" data-widget_type=\"html.default\">\n\t\t\t\t<div class=\"elementor-widget-container\">\n\t\t\t\t\t<ol tabindex=\"-1\" class=\"ctwq8unp\"><\/ol>\t\t\t\t<\/div>\n\t\t\t\t<\/div>\n\t\t\t\t<\/div>\n\t\t<div class=\"elementor-element elementor-element-2370b95 e-con-full e-flex e-con e-child\" data-id=\"2370b95\" data-element_type=\"container\" data-e-type=\"container\">\n\t\t\t\t<div class=\"elementor-element elementor-element-46cf41d elementor-widget elementor-widget-softlite_dynamic_card_box\" data-id=\"46cf41d\" data-element_type=\"widget\" data-e-type=\"widget\" data-widget_type=\"softlite_dynamic_card_box.default\">\n\t\t\t\t<div class=\"elementor-widget-container\">\n\t\t\t\t\t \n\t<div class=\"softlite-dynamic-card-box mvmb9a01 softlite-dynamic-card-box-background-color-1\" data-softlite-card-box-link-href=\"https:\/\/twoglass.co\/tienda\/\" data-softlite-card-box-link-target=\"\"><div class=\"zv6wes4r\"><div class=\"wcp5mako\"><div class=\"qdenn82g softlite-dynamic-card-box-background-color-2\"><span class=\"\"><svg xmlns=\"http:\/\/www.w3.org\/2000\/svg\" width=\"24\" height=\"24\" viewbox=\"0 0 24 24\" fill=\"none\" stroke=\"currentColor\" stroke-width=\"2\" stroke-linecap=\"round\" stroke-linejoin=\"round\" class=\"oi6nh7vc softlite-dynamic-icon\"><path d=\"M5.8 11.3 2 22l10.7-3.79\"><\/path><path d=\"M4 3h.01\"><\/path><path d=\"M22 8h.01\"><\/path><path d=\"M15 2h.01\"><\/path><path d=\"M22 20h.01\"><\/path><path d=\"m22 2-2.24.75a2.9 2.9 0 0 0-1.96 3.12c.1.86-.57 1.63-1.45 1.63h-.38c-.86 0-1.6.6-1.76 1.44L14 10\"><\/path><path d=\"m22 13-.82-.33c-.86-.34-1.82.2-1.98 1.11c-.11.7-.72 1.22-1.43 1.22H17\"><\/path><path d=\"m11 2 .33.82c.34.86-.2 1.82-1.11 1.98C9.52 4.9 9 5.52 9 6.23V7\"><\/path><path d=\"M11 13c1.93 1.93 2.83 4.17 2 5-.83.83-3.07-.07-5-2-1.93-1.93-2.83-4.17-2-5 .83-.83 3.07.07 5 2Z\"><\/path><\/svg><\/span><\/div><h1 class=\"vxsnuumv softlite-dynamic-card-box-text-1\">\u00a1Ya eres parte del parche! \ud83c\udf89<\/h1><p class=\"jnmxzz08 softlite-dynamic-card-box-text-2\">Tu pedido est\u00e1 confirmado y en buenas manos. Nos emociona saber que cada vez somos m\u00e1s los que elegimos el dise\u00f1o consciente.<\/p><div class=\"o7y56k2r\"><div class=\"ihl6ai70\"><div class=\"rh18yd9u\"><svg xmlns=\"http:\/\/www.w3.org\/2000\/svg\" width=\"24\" height=\"24\" viewbox=\"0 0 24 24\" fill=\"none\" stroke=\"currentColor\" stroke-width=\"2\" stroke-linecap=\"round\" stroke-linejoin=\"round\" class=\"uixp7cvp\"><path d=\"M11 20A7 7 0 0 1 9.8 6.1C15.5 5 17 4.48 19 2c1 2 2 4.18 2 8 0 5.5-4.78 10-10 10Z\"><\/path><path d=\"M2 21c0-3 1.85-5.36 5.08-6C9.5 14.52 12 13 13 12\"><\/path><\/svg><\/div><div class=\"rh18yd9u\"><svg xmlns=\"http:\/\/www.w3.org\/2000\/svg\" width=\"24\" height=\"24\" viewbox=\"0 0 24 24\" fill=\"none\" stroke=\"currentColor\" stroke-width=\"2\" stroke-linecap=\"round\" stroke-linejoin=\"round\" class=\"uixp7cvp\"><path d=\"M19 14c1.49-1.46 3-3.21 3-5.5A5.5 5.5 0 0 0 16.5 3c-1.76 0-3 .5-4.5 2-1.5-1.5-2.74-2-4.5-2A5.5 5.5 0 0 0 2 8.5c0 2.3 1.5 4.05 3 5.5l7 7Z\"><\/path><\/svg><\/div><div class=\"rh18yd9u\"><svg xmlns=\"http:\/\/www.w3.org\/2000\/svg\" width=\"24\" height=\"24\" viewbox=\"0 0 24 24\" fill=\"none\" stroke=\"currentColor\" stroke-width=\"2\" stroke-linecap=\"round\" stroke-linejoin=\"round\" class=\"uixp7cvp\"><circle cx=\"12\" cy=\"12\" r=\"4\"><\/circle><path d=\"M12 2v2\"><\/path><path d=\"M12 20v2\"><\/path><path d=\"m4.93 4.93 1.41 1.41\"><\/path><path d=\"m17.66 17.66 1.41 1.41\"><\/path><path d=\"M2 12h2\"><\/path><path d=\"M20 12h2\"><\/path><path d=\"m6.34 17.66-1.41 1.41\"><\/path><path d=\"m19.07 4.93-1.41 1.41\"><\/path><\/svg><\/div><\/div><p class=\"jnkgc2dx softlite-dynamic-card-box-text-3\">\"Cada elecci\u00f3n de compra es un voto por el mundo que queremos. \u00a1Gracias por creer en las segundas oportunidades!\"<\/p><\/div><a href=\"https:\/\/twoglass.co\/en\/tienda\/\" tabindex=\"0\" class=\"y1j6wfch softlite-dynamic-card-box-button softlite-dynamic-card-box-button-text\"><svg xmlns=\"http:\/\/www.w3.org\/2000\/svg\" width=\"24\" height=\"24\" viewbox=\"0 0 24 24\" fill=\"none\" stroke=\"currentColor\" stroke-width=\"2\" stroke-linecap=\"round\" stroke-linejoin=\"round\" class=\"a006astv\"><path d=\"M6 2 3 6v14a2 2 0 0 0 2 2h14a2 2 0 0 0 2-2V6l-3-4Z\"><\/path><path d=\"M3 6h18\"><\/path><path d=\"M16 10a4 4 0 0 1-8 0\"><\/path><\/svg>Seguir vitrineando<\/a><\/div><\/div><\/div> \t\t\t\t<\/div>\n\t\t\t\t<\/div>\n\t\t<div class=\"elementor-element elementor-element-4a4fc6c e-con-full e-flex e-con e-child\" data-id=\"4a4fc6c\" data-element_type=\"container\" data-e-type=\"container\">\n\t\t<div class=\"elementor-element elementor-element-0737b00 e-con-full e-flex e-con e-child\" data-id=\"0737b00\" data-element_type=\"container\" data-e-type=\"container\" data-settings=\"{&quot;background_background&quot;:&quot;classic&quot;}\">\n\t\t<div class=\"elementor-element elementor-element-a7b6ae4 e-con-full e-flex e-con e-child\" data-id=\"a7b6ae4\" data-element_type=\"container\" data-e-type=\"container\">\n\t\t\t\t<div class=\"elementor-element elementor-element-ee36b36 elementor-widget__width-initial elementor-widget elementor-widget-heading\" data-id=\"ee36b36\" data-element_type=\"widget\" data-e-type=\"widget\" data-widget_type=\"heading.default\">\n\t\t\t\t<div class=\"elementor-widget-container\">\n\t\t\t\t\t<h2 class=\"elementor-heading-title elementor-size-default\">El ciclo de las segundas oportunidades<\/h2>\t\t\t\t<\/div>\n\t\t\t\t<\/div>\n\t\t<div class=\"elementor-element elementor-element-d460552 e-con-full e-flex e-con e-child\" data-id=\"d460552\" data-element_type=\"container\" data-e-type=\"container\">\n\t\t<div class=\"elementor-element elementor-element-141b242 e-con-full e-flex e-con e-child\" data-id=\"141b242\" data-element_type=\"container\" data-e-type=\"container\" data-settings=\"{&quot;background_background&quot;:&quot;classic&quot;}\">\n\t\t\t\t<\/div>\n\t\t<div class=\"elementor-element elementor-element-af0873a e-con-full e-flex e-con e-child\" data-id=\"af0873a\" data-element_type=\"container\" data-e-type=\"container\">\n\t\t\t\t<div class=\"elementor-element elementor-element-88b55fe elementor-widget elementor-widget-softlite_dynamic_card_box\" data-id=\"88b55fe\" data-element_type=\"widget\" data-e-type=\"widget\" data-widget_type=\"softlite_dynamic_card_box.default\">\n\t\t\t\t<div class=\"elementor-widget-container\">\n\t\t\t\t\t \n\t<div class=\"softlite-dynamic-card-box kqcycfo0\" data-softlite-card-box-link-href=\"\" data-softlite-card-box-link-target=\"\"><div class=\"lx5vlw4r softlite-dynamic-card-box-background-color-1\"><span class=\"\"><svg xmlns=\"http:\/\/www.w3.org\/2000\/svg\" width=\"24\" height=\"24\" viewbox=\"0 0 24 24\" fill=\"none\" stroke=\"currentColor\" stroke-width=\"2\" stroke-linecap=\"round\" stroke-linejoin=\"round\" class=\"w51tvd5u softlite-dynamic-icon\"><path d=\"M7 19H4.815a1.83 1.83 0 0 1-1.57-.881 1.785 1.785 0 0 1-.004-1.784L7.196 9.5\"><\/path><path d=\"M11 19h8.203a1.83 1.83 0 0 0 1.556-.89 1.784 1.784 0 0 0 0-1.775l-1.226-2.12\"><\/path><path d=\"m14 16-3 3 3 3\"><\/path><path d=\"M8.293 13.596 7.196 9.5 3.1 10.598\"><\/path><path d=\"m9.344 5.811 1.093-1.892A1.83 1.83 0 0 1 11.985 3a1.784 1.784 0 0 1 1.546.888l3.943 6.843\"><\/path><path d=\"m13.378 9.633 4.096 1.098 1.097-4.096\"><\/path><\/svg><\/span><\/div><div class=\"c6ouc9hm\"><h3 class=\"tichfung softlite-dynamic-card-box-text-1\">Rescate<\/h3><p class=\"xq2bmia1 softlite-dynamic-card-box-text-2\">Nuestros super HEROES recicladores de oficio rescatan materiales olvidados para darles un nuevo prop\u00f3sito.<\/p><\/div><\/div> \t\t\t\t<\/div>\n\t\t\t\t<\/div>\n\t\t\t\t<div class=\"elementor-element elementor-element-eaecf7b elementor-widget elementor-widget-softlite_dynamic_card_box\" data-id=\"eaecf7b\" data-element_type=\"widget\" data-e-type=\"widget\" data-widget_type=\"softlite_dynamic_card_box.default\">\n\t\t\t\t<div class=\"elementor-widget-container\">\n\t\t\t\t\t \n\t<div class=\"softlite-dynamic-card-box ep2cp9q5\" data-softlite-card-box-link-href=\"\" data-softlite-card-box-link-target=\"\"><div class=\"ta7wdwve softlite-dynamic-card-box-background-color-1\"><span class=\"\"><svg xmlns=\"http:\/\/www.w3.org\/2000\/svg\" width=\"24\" height=\"24\" viewbox=\"0 0 24 24\" fill=\"none\" stroke=\"currentColor\" stroke-width=\"2\" stroke-linecap=\"round\" stroke-linejoin=\"round\" class=\"ytuvrgg7 softlite-dynamic-icon\"><path d=\"M9.937 15.5A2 2 0 0 0 8.5 14.063l-6.135-1.582a.5.5 0 0 1 0-.962L8.5 9.936A2 2 0 0 0 9.937 8.5l1.582-6.135a.5.5 0 0 1 .963 0L14.063 8.5A2 2 0 0 0 15.5 9.937l6.135 1.581a.5.5 0 0 1 0 .964L15.5 14.063a2 2 0 0 0-1.437 1.437l-1.582 6.135a.5.5 0 0 1-.963 0z\"><\/path><path d=\"M20 3v4\"><\/path><path d=\"M22 5h-4\"><\/path><path d=\"M4 17v2\"><\/path><path d=\"M5 18H3\"><\/path><\/svg><\/span><\/div><div class=\"dd4js7gr\"><h3 class=\"wmyotw67 softlite-dynamic-card-box-text-1\">Transformaci\u00f3n<\/h3><p class=\"y9unjx92 softlite-dynamic-card-box-text-2\">Lavamos, moldeamos al calor y pulimos a mano en nuestro taller para crear piezas \u00fanicas llenas de dise\u00f1o y utilidad.<\/p><\/div><\/div> \t\t\t\t<\/div>\n\t\t\t\t<\/div>\n\t\t\t\t<div class=\"elementor-element elementor-element-c0faa13 elementor-widget elementor-widget-softlite_dynamic_card_box\" data-id=\"c0faa13\" data-element_type=\"widget\" data-e-type=\"widget\" data-widget_type=\"softlite_dynamic_card_box.default\">\n\t\t\t\t<div class=\"elementor-widget-container\">\n\t\t\t\t\t \n\t<div class=\"softlite-dynamic-card-box xz7ldidr\" data-softlite-card-box-link-href=\"\" data-softlite-card-box-link-target=\"\"><div class=\"e18w78vk softlite-dynamic-card-box-background-color-1\"><span class=\"\"><svg xmlns=\"http:\/\/www.w3.org\/2000\/svg\" width=\"24\" height=\"24\" viewbox=\"0 0 24 24\" fill=\"none\" stroke=\"currentColor\" stroke-width=\"2\" stroke-linecap=\"round\" stroke-linejoin=\"round\" class=\"o8hpb4fx softlite-dynamic-icon\"><circle cx=\"12\" cy=\"12\" r=\"10\"><\/circle><path d=\"M12 2a14.5 14.5 0 0 0 0 20 14.5 14.5 0 0 0 0-20\"><\/path><path d=\"M2 12h20\"><\/path><\/svg><\/span><\/div><div class=\"mlwulh2a\"><h3 class=\"rj8rl33j softlite-dynamic-card-box-text-1\">Impacto Positivo<\/h3><p class=\"lowaj5u9 softlite-dynamic-card-box-text-2\">Apoyas la econom\u00eda circular, proteges nuestros ecosistemas y sumas a nuestros proyectos de siembra de \u00e1rboles.<\/p><\/div><\/div> \t\t\t\t<\/div>\n\t\t\t\t<\/div>\n\t\t\t\t<\/div>\n\t\t\t\t<\/div>\n\t\t<div class=\"elementor-element elementor-element-11673e7 e-con-full e-flex e-con e-child\" data-id=\"11673e7\" data-element_type=\"container\" data-e-type=\"container\" data-settings=\"{&quot;background_background&quot;:&quot;classic&quot;}\">\n\t\t\t\t<div class=\"elementor-element elementor-element-650b042 elementor-widget__width-initial elementor-widget elementor-widget-text-editor\" data-id=\"650b042\" data-element_type=\"widget\" data-e-type=\"widget\" data-widget_type=\"text-editor.default\">\n\t\t\t\t<div class=\"elementor-widget-container\">\n\t\t\t\t\t\t\t\t\t\u00abCuidar el planeta es de todo el parche. \u00a1Picos de botellas de parte del equipo Two Glass!\u00bb\t\t\t\t\t\t\t\t<\/div>\n\t\t\t\t<\/div>\n\t\t\t\t<\/div>\n\t\t\t\t<\/div>\n\t\t\t\t<\/div>\n\t\t\t\t<\/div>\n\t\t\t\t<\/div>\n\t\t\t\t<\/div>\n\t\t<div class=\"elementor-element elementor-element-6d0f12f e-con-full e-flex e-con e-child\" data-id=\"6d0f12f\" data-element_type=\"container\" data-e-type=\"container\" data-settings=\"{&quot;background_background&quot;:&quot;classic&quot;}\">\n\t\t\t\t<\/div>\n\t\t<div class=\"elementor-element elementor-element-a19855e e-con-full e-flex e-con e-child\" data-id=\"a19855e\" data-element_type=\"container\" data-e-type=\"container\" data-settings=\"{&quot;background_background&quot;:&quot;classic&quot;}\">\n\t\t\t\t<\/div>\n\t\t<div class=\"elementor-element elementor-element-f956e8d e-con-full e-flex e-con e-child\" data-id=\"f956e8d\" data-element_type=\"container\" data-e-type=\"container\" data-settings=\"{&quot;background_background&quot;:&quot;classic&quot;}\">\n\t\t\t\t<\/div>\n\t\t\t\t<\/div>\n\t\t\t\t<\/div>","protected":false},"excerpt":{"rendered":"<p>\u00a1Ya eres parte del parche! \ud83c\udf89 Tu pedido est\u00e1 confirmado y en buenas manos. Nos emociona saber que cada vez somos m\u00e1s los que elegimos el dise\u00f1o consciente. \u00abCada elecci\u00f3n de compra es un voto por el mundo que queremos. \u00a1Gracias por creer en las segundas oportunidades!\u00bb Seguir vitrineando El ciclo de las segundas oportunidades [&hellip;]<\/p>\n","protected":false},"author":1,"featured_media":0,"parent":0,"menu_order":0,"comment_status":"closed","ping_status":"closed","template":"elementor_canvas","meta":{"site-sidebar-layout":"no-sidebar","site-content-layout":"page-builder","ast-site-content-layout":"full-width-container","site-content-style":"default","site-sidebar-style":"default","ast-global-header-display":"","ast-banner-title-visibility":"","ast-main-header-display":"","ast-hfb-above-header-display":"","ast-hfb-below-header-display":"","ast-hfb-mobile-header-display":"","site-post-title":"","ast-breadcrumbs-content":"","ast-featured-img":"disabled","footer-sml-layout":"","ast-disable-related-posts":"","theme-transparent-header-meta":"","adv-header-id-meta":"","stick-header-meta":"","header-above-stick-meta":"","header-main-stick-meta":"","header-below-stick-meta":"","astra-migrate-meta-layouts":"set","ast-page-background-enabled":"default","ast-page-background-meta":{"desktop":{"background-color":"var(--ast-global-color-4)","background-image":"","background-repeat":"repeat","background-position":"center center","background-size":"auto","background-attachment":"scroll","background-type":"","background-media":"","overlay-type":"","overlay-color":"","overlay-opacity":"","overlay-gradient":""},"tablet":{"background-color":"","background-image":"","background-repeat":"repeat","background-position":"center center","background-size":"auto","background-attachment":"scroll","background-type":"","background-media":"","overlay-type":"","overlay-color":"","overlay-opacity":"","overlay-gradient":""},"mobile":{"background-color":"","background-image":"","background-repeat":"repeat","background-position":"center center","background-size":"auto","background-attachment":"scroll","background-type":"","background-media":"","overlay-type":"","overlay-color":"","overlay-opacity":"","overlay-gradient":""}},"ast-content-background-meta":{"desktop":{"background-color":"var(--ast-global-color-5)","background-image":"","background-repeat":"repeat","background-position":"center center","background-size":"auto","background-attachment":"scroll","background-type":"","background-media":"","overlay-type":"","overlay-color":"","overlay-opacity":"","overlay-gradient":""},"tablet":{"background-color":"var(--ast-global-color-5)","background-image":"","background-repeat":"repeat","background-position":"center center","background-size":"auto","background-attachment":"scroll","background-type":"","background-media":"","overlay-type":"","overlay-color":"","overlay-opacity":"","overlay-gradient":""},"mobile":{"background-color":"var(--ast-global-color-5)","background-image":"","background-repeat":"repeat","background-position":"center center","background-size":"auto","background-attachment":"scroll","background-type":"","background-media":"","overlay-type":"","overlay-color":"","overlay-opacity":"","overlay-gradient":""}},"footnotes":""},"class_list":["post-3903","page","type-page","status-publish","hentry"],"aioseo_notices":[],"_links":{"self":[{"href":"https:\/\/twoglass.co\/en\/wp-json\/wp\/v2\/pages\/3903","targetHints":{"allow":["GET"]}}],"collection":[{"href":"https:\/\/twoglass.co\/en\/wp-json\/wp\/v2\/pages"}],"about":[{"href":"https:\/\/twoglass.co\/en\/wp-json\/wp\/v2\/types\/page"}],"author":[{"embeddable":true,"href":"https:\/\/twoglass.co\/en\/wp-json\/wp\/v2\/users\/1"}],"replies":[{"embeddable":true,"href":"https:\/\/twoglass.co\/en\/wp-json\/wp\/v2\/comments?post=3903"}],"version-history":[{"count":10,"href":"https:\/\/twoglass.co\/en\/wp-json\/wp\/v2\/pages\/3903\/revisions"}],"predecessor-version":[{"id":3914,"href":"https:\/\/twoglass.co\/en\/wp-json\/wp\/v2\/pages\/3903\/revisions\/3914"}],"wp:attachment":[{"href":"https:\/\/twoglass.co\/en\/wp-json\/wp\/v2\/media?parent=3903"}],"curies":[{"name":"wp","href":"https:\/\/api.w.org\/{rel}","templated":true}]}}