{"id":3915,"date":"2026-02-22T22:22:51","date_gmt":"2026-02-22T22:22:51","guid":{"rendered":"https:\/\/twoglass.co\/?page_id=3915"},"modified":"2026-02-22T22:25:52","modified_gmt":"2026-02-22T22:25:52","slug":"gracias-3","status":"publish","type":"page","link":"https:\/\/twoglass.co\/en\/gracias-3\/","title":{"rendered":"Gracias 3"},"content":{"rendered":"<div data-elementor-type=\"wp-page\" data-elementor-id=\"3915\" class=\"elementor elementor-3915\" data-elementor-post-type=\"page\">\n\t\t\t\t<div class=\"elementor-element elementor-element-6961219 e-con-full e-flex e-con e-parent\" data-id=\"6961219\" data-element_type=\"container\" data-e-type=\"container\" data-settings=\"{&quot;background_background&quot;:&quot;classic&quot;}\">\n\t\t<div class=\"elementor-element elementor-element-73b1657 e-con-full e-flex e-con e-child\" data-id=\"73b1657\" data-element_type=\"container\" data-e-type=\"container\">\n\t\t<div class=\"elementor-element elementor-element-953b9cb e-con-full e-flex e-con e-child\" data-id=\"953b9cb\" data-element_type=\"container\" data-e-type=\"container\">\n\t\t\t\t<div class=\"elementor-element elementor-element-a0ae02f elementor-widget elementor-widget-html\" data-id=\"a0ae02f\" data-element_type=\"widget\" data-e-type=\"widget\" data-widget_type=\"html.default\">\n\t\t\t\t<div class=\"elementor-widget-container\">\n\t\t\t\t\t<ol tabindex=\"-1\" class=\"sw0u1g4p\"><\/ol>\t\t\t\t<\/div>\n\t\t\t\t<\/div>\n\t\t\t\t<\/div>\n\t\t<div class=\"elementor-element elementor-element-2deaf38 e-con-full e-flex e-con e-child\" data-id=\"2deaf38\" data-element_type=\"container\" data-e-type=\"container\">\n\t\t\t\t<div class=\"elementor-element elementor-element-9680c90 elementor-widget elementor-widget-softlite_dynamic_card_box\" data-id=\"9680c90\" data-element_type=\"widget\" data-e-type=\"widget\" data-widget_type=\"softlite_dynamic_card_box.default\">\n\t\t\t\t<div class=\"elementor-widget-container\">\n\t\t\t\t\t \n\t<section class=\"softlite-dynamic-card-box z1msmjht\" data-softlite-card-box-link-href=\"https:\/\/twoglass.co\/tienda\/\" data-softlite-card-box-link-target=\"\"><div class=\"kil1ti9q softlite-dynamic-card-box-background-color-1\"><\/div><div class=\"rbt9oqds softlite-dynamic-card-box-background-color-2\"><\/div><div class=\"nmxno429\"><span class=\"\"><svg xmlns=\"http:\/\/www.w3.org\/2000\/svg\" width=\"56\" height=\"56\" viewbox=\"0 0 24 24\" fill=\"none\" stroke=\"currentColor\" stroke-width=\"1.5\" stroke-linecap=\"round\" stroke-linejoin=\"round\" class=\"tcu8l8e1 softlite-dynamic-icon\"><path d=\"M19 14c1.49-1.46 3-3.21 3-5.5A5.5 5.5 0 0 0 16.5 3c-1.76 0-3 .5-4.5 2-1.5-1.5-2.74-2-4.5-2A5.5 5.5 0 0 0 2 8.5c0 2.3 1.5 4.05 3 5.5l7 7Z\"><\/path><path d=\"M12 5 9.04 7.96a2.17 2.17 0 0 0 0 3.08c.82.82 2.13.85 3 .07l2.07-1.9a2.82 2.82 0 0 1 3.79 0l2.96 2.66\"><\/path><path d=\"m18 15-2-2\"><\/path><path d=\"m15 18-2-2\"><\/path><\/svg><\/span><h1 class=\"wcusb9n4 softlite-dynamic-card-box-text-1\">\u00a1Gracias por unirte al parche! \ud83c\udf89<\/h1><p class=\"zpz3s44r softlite-dynamic-card-box-text-2\">Tu pedido est\u00e1 confirmado. Nos emociona saber que cada vez somos m\u00e1s los que elegimos el dise\u00f1o consciente y con prop\u00f3sito.<\/p><div class=\"kfr8iq18\"><\/div><a href=\"https:\/\/twoglass.co\/en\/tienda\/\" class=\"uefho7qa softlite-dynamic-card-box-button softlite-dynamic-card-box-button-text\">Seguir vitrineando<\/a><\/div><\/section> \t\t\t\t<\/div>\n\t\t\t\t<\/div>\n\t\t<div class=\"elementor-element elementor-element-2810a87 e-con-full e-flex e-con e-child\" data-id=\"2810a87\" data-element_type=\"container\" data-e-type=\"container\" data-settings=\"{&quot;background_background&quot;:&quot;classic&quot;}\">\n\t\t\t\t<div class=\"elementor-element elementor-element-db0ab98 elementor-widget__width-initial elementor-widget elementor-widget-heading\" data-id=\"db0ab98\" data-element_type=\"widget\" data-e-type=\"widget\" data-widget_type=\"heading.default\">\n\t\t\t\t<div class=\"elementor-widget-container\">\n\t\t\t\t\t<h2 class=\"elementor-heading-title elementor-size-default\">El impacto de tu compra<\/h2>\t\t\t\t<\/div>\n\t\t\t\t<\/div>\n\t\t<div class=\"elementor-element elementor-element-e59c1a6 e-con-full e-flex e-con e-child\" data-id=\"e59c1a6\" data-element_type=\"container\" data-e-type=\"container\">\n\t\t\t\t<div class=\"elementor-element elementor-element-be5e959 elementor-invisible elementor-widget elementor-widget-softlite_dynamic_card_box\" data-id=\"be5e959\" data-element_type=\"widget\" data-e-type=\"widget\" data-settings=\"{&quot;_animation&quot;:&quot;fadeIn&quot;}\" data-widget_type=\"softlite_dynamic_card_box.default\">\n\t\t\t\t<div class=\"elementor-widget-container\">\n\t\t\t\t\t \n\t<div class=\"softlite-dynamic-card-box dtwquakw\" data-softlite-card-box-link-href=\"\" data-softlite-card-box-link-target=\"\"><div class=\"j49bfysv softlite-dynamic-card-box-background-color-1\"><span class=\"\"><svg xmlns=\"http:\/\/www.w3.org\/2000\/svg\" width=\"28\" height=\"28\" viewbox=\"0 0 24 24\" fill=\"none\" stroke=\"currentColor\" stroke-width=\"1.5\" stroke-linecap=\"round\" stroke-linejoin=\"round\" class=\"bkleaid6 softlite-dynamic-icon\"><path d=\"M7 19H4.815a1.83 1.83 0 0 1-1.57-.881 1.785 1.785 0 0 1-.004-1.784L7.196 9.5\"><\/path><path d=\"M11 19h8.203a1.83 1.83 0 0 0 1.556-.89 1.784 1.784 0 0 0 0-1.775l-1.226-2.12\"><\/path><path d=\"m14 16-3 3 3 3\"><\/path><path d=\"M8.293 13.596 7.196 9.5 3.1 10.598\"><\/path><path d=\"m9.344 5.811 1.093-1.892A1.83 1.83 0 0 1 11.985 3a1.784 1.784 0 0 1 1.546.888l3.943 6.843\"><\/path><path d=\"m13.378 9.633 4.096 1.098 1.097-4.096\"><\/path><\/svg><\/span><\/div><h3 class=\"el1biwce softlite-dynamic-card-box-text-1\">Rescate<\/h3><p class=\"eyazsx8t softlite-dynamic-card-box-text-2\">Apoyas a nuestros super HEROES recicladores de oficio, rescatando materiales olvidados.<\/p><\/div> \t\t\t\t<\/div>\n\t\t\t\t<\/div>\n\t\t\t\t<div class=\"elementor-element elementor-element-d15b921 elementor-invisible elementor-widget elementor-widget-softlite_dynamic_card_box\" data-id=\"d15b921\" data-element_type=\"widget\" data-e-type=\"widget\" data-settings=\"{&quot;_animation&quot;:&quot;fadeIn&quot;}\" data-widget_type=\"softlite_dynamic_card_box.default\">\n\t\t\t\t<div class=\"elementor-widget-container\">\n\t\t\t\t\t \n\t<div class=\"softlite-dynamic-card-box dyeeqhkd\" data-softlite-card-box-link-href=\"\" data-softlite-card-box-link-target=\"\"><div class=\"bhzuc2x6 softlite-dynamic-card-box-background-color-1\"><span class=\"\"><svg xmlns=\"http:\/\/www.w3.org\/2000\/svg\" width=\"28\" height=\"28\" viewbox=\"0 0 24 24\" fill=\"none\" stroke=\"currentColor\" stroke-width=\"1.5\" stroke-linecap=\"round\" stroke-linejoin=\"round\" class=\"fbuo8u6y softlite-dynamic-icon\"><path d=\"M9.937 15.5A2 2 0 0 0 8.5 14.063l-6.135-1.582a.5.5 0 0 1 0-.962L8.5 9.936A2 2 0 0 0 9.937 8.5l1.582-6.135a.5.5 0 0 1 .963 0L14.063 8.5A2 2 0 0 0 15.5 9.937l6.135 1.581a.5.5 0 0 1 0 .964L15.5 14.063a2 2 0 0 0-1.437 1.437l-1.582 6.135a.5.5 0 0 1-.963 0z\"><\/path><path d=\"M20 3v4\"><\/path><path d=\"M22 5h-4\"><\/path><path d=\"M4 17v2\"><\/path><path d=\"M5 18H3\"><\/path><\/svg><\/span><\/div><h3 class=\"opfjexgc softlite-dynamic-card-box-text-1\">Ecodise\u00f1o<\/h3><p class=\"bfp22msq softlite-dynamic-card-box-text-2\">Fomentas la transformaci\u00f3n artesanal al calor para crear piezas \u00fanicas para el hogar.<\/p><\/div> \t\t\t\t<\/div>\n\t\t\t\t<\/div>\n\t\t\t\t<div class=\"elementor-element elementor-element-c757af4 elementor-invisible elementor-widget elementor-widget-softlite_dynamic_card_box\" data-id=\"c757af4\" data-element_type=\"widget\" data-e-type=\"widget\" data-settings=\"{&quot;_animation&quot;:&quot;fadeIn&quot;}\" data-widget_type=\"softlite_dynamic_card_box.default\">\n\t\t\t\t<div class=\"elementor-widget-container\">\n\t\t\t\t\t \n\t<div class=\"softlite-dynamic-card-box b2dvc2u2\" data-softlite-card-box-link-href=\"\" data-softlite-card-box-link-target=\"\"><div class=\"lh9nhdoz softlite-dynamic-card-box-background-color-1\"><span class=\"\"><svg xmlns=\"http:\/\/www.w3.org\/2000\/svg\" width=\"28\" height=\"28\" viewbox=\"0 0 24 24\" fill=\"none\" stroke=\"currentColor\" stroke-width=\"1.5\" stroke-linecap=\"round\" stroke-linejoin=\"round\" class=\"tqtyt7rz softlite-dynamic-icon\"><path d=\"m17 14 3 3.3a1 1 0 0 1-.7 1.7H4.7a1 1 0 0 1-.7-1.7L7 14h-.3a1 1 0 0 1-.7-1.7L9 9h-.2A1 1 0 0 1 8 7.3L12 3l4 4.3a1 1 0 0 1-.8 1.7H15l3 3.3a1 1 0 0 1-.7 1.7H17Z\"><\/path><path d=\"M12 22v-3\"><\/path><\/svg><\/span><\/div><h3 class=\"zatrhur9 softlite-dynamic-card-box-text-1\">Planeta<\/h3><p class=\"jvbmxaxh softlite-dynamic-card-box-text-2\">Proteges nuestros ecosistemas y sumas a nuestros proyectos de siembra de \u00e1rboles.<\/p><\/div> \t\t\t\t<\/div>\n\t\t\t\t<\/div>\n\t\t\t\t<\/div>\n\t\t\t\t<\/div>\n\t\t<div class=\"elementor-element elementor-element-b970eb7 e-con-full e-flex e-con e-child\" data-id=\"b970eb7\" data-element_type=\"container\" data-e-type=\"container\">\n\t\t\t\t<div class=\"elementor-element elementor-element-9e777e5 elementor-widget__width-initial elementor-widget elementor-widget-text-editor\" data-id=\"9e777e5\" data-element_type=\"widget\" data-e-type=\"widget\" data-widget_type=\"text-editor.default\">\n\t\t\t\t<div class=\"elementor-widget-container\">\n\t\t\t\t\t\t\t\t\tCuidar el planeta es de todo el parche. \u00a1Picos de botellas de parte del equipo Two Glass!\t\t\t\t\t\t\t\t<\/div>\n\t\t\t\t<\/div>\n\t\t\t\t<\/div>\n\t\t\t\t<\/div>\n\t\t\t\t<\/div>\n\t\t<div class=\"elementor-element elementor-element-f29f30b e-con-full e-flex e-con e-child\" data-id=\"f29f30b\" data-element_type=\"container\" data-e-type=\"container\" data-settings=\"{&quot;background_background&quot;:&quot;classic&quot;}\">\n\t\t\t\t<\/div>\n\t\t<div class=\"elementor-element elementor-element-06df85e e-con-full e-flex e-con e-child\" data-id=\"06df85e\" data-element_type=\"container\" data-e-type=\"container\" data-settings=\"{&quot;background_background&quot;:&quot;classic&quot;}\">\n\t\t\t\t<\/div>\n\t\t\t\t<\/div>\n\t\t\t\t<\/div>","protected":false},"excerpt":{"rendered":"<p>\u00a1Gracias por unirte al parche! \ud83c\udf89 Tu pedido est\u00e1 confirmado. Nos emociona saber que cada vez somos m\u00e1s los que elegimos el dise\u00f1o consciente y con prop\u00f3sito. Seguir vitrineando El impacto de tu compra Rescate Apoyas a nuestros super HEROES recicladores de oficio, rescatando materiales olvidados. Ecodise\u00f1o Fomentas la transformaci\u00f3n artesanal al calor para crear [&hellip;]<\/p>\n","protected":false},"author":1,"featured_media":0,"parent":0,"menu_order":0,"comment_status":"closed","ping_status":"closed","template":"elementor_canvas","meta":{"site-sidebar-layout":"no-sidebar","site-content-layout":"page-builder","ast-site-content-layout":"full-width-container","site-content-style":"default","site-sidebar-style":"default","ast-global-header-display":"","ast-banner-title-visibility":"","ast-main-header-display":"","ast-hfb-above-header-display":"","ast-hfb-below-header-display":"","ast-hfb-mobile-header-display":"","site-post-title":"","ast-breadcrumbs-content":"","ast-featured-img":"disabled","footer-sml-layout":"","ast-disable-related-posts":"","theme-transparent-header-meta":"","adv-header-id-meta":"","stick-header-meta":"","header-above-stick-meta":"","header-main-stick-meta":"","header-below-stick-meta":"","astra-migrate-meta-layouts":"set","ast-page-background-enabled":"default","ast-page-background-meta":{"desktop":{"background-color":"var(--ast-global-color-4)","background-image":"","background-repeat":"repeat","background-position":"center center","background-size":"auto","background-attachment":"scroll","background-type":"","background-media":"","overlay-type":"","overlay-color":"","overlay-opacity":"","overlay-gradient":""},"tablet":{"background-color":"","background-image":"","background-repeat":"repeat","background-position":"center center","background-size":"auto","background-attachment":"scroll","background-type":"","background-media":"","overlay-type":"","overlay-color":"","overlay-opacity":"","overlay-gradient":""},"mobile":{"background-color":"","background-image":"","background-repeat":"repeat","background-position":"center center","background-size":"auto","background-attachment":"scroll","background-type":"","background-media":"","overlay-type":"","overlay-color":"","overlay-opacity":"","overlay-gradient":""}},"ast-content-background-meta":{"desktop":{"background-color":"var(--ast-global-color-5)","background-image":"","background-repeat":"repeat","background-position":"center center","background-size":"auto","background-attachment":"scroll","background-type":"","background-media":"","overlay-type":"","overlay-color":"","overlay-opacity":"","overlay-gradient":""},"tablet":{"background-color":"var(--ast-global-color-5)","background-image":"","background-repeat":"repeat","background-position":"center center","background-size":"auto","background-attachment":"scroll","background-type":"","background-media":"","overlay-type":"","overlay-color":"","overlay-opacity":"","overlay-gradient":""},"mobile":{"background-color":"var(--ast-global-color-5)","background-image":"","background-repeat":"repeat","background-position":"center center","background-size":"auto","background-attachment":"scroll","background-type":"","background-media":"","overlay-type":"","overlay-color":"","overlay-opacity":"","overlay-gradient":""}},"footnotes":""},"class_list":["post-3915","page","type-page","status-publish","hentry"],"aioseo_notices":[],"_links":{"self":[{"href":"https:\/\/twoglass.co\/en\/wp-json\/wp\/v2\/pages\/3915","targetHints":{"allow":["GET"]}}],"collection":[{"href":"https:\/\/twoglass.co\/en\/wp-json\/wp\/v2\/pages"}],"about":[{"href":"https:\/\/twoglass.co\/en\/wp-json\/wp\/v2\/types\/page"}],"author":[{"embeddable":true,"href":"https:\/\/twoglass.co\/en\/wp-json\/wp\/v2\/users\/1"}],"replies":[{"embeddable":true,"href":"https:\/\/twoglass.co\/en\/wp-json\/wp\/v2\/comments?post=3915"}],"version-history":[{"count":10,"href":"https:\/\/twoglass.co\/en\/wp-json\/wp\/v2\/pages\/3915\/revisions"}],"predecessor-version":[{"id":3926,"href":"https:\/\/twoglass.co\/en\/wp-json\/wp\/v2\/pages\/3915\/revisions\/3926"}],"wp:attachment":[{"href":"https:\/\/twoglass.co\/en\/wp-json\/wp\/v2\/media?parent=3915"}],"curies":[{"name":"wp","href":"https:\/\/api.w.org\/{rel}","templated":true}]}}