{"id":597,"date":"2020-12-18T22:35:04","date_gmt":"2020-12-18T22:35:04","guid":{"rendered":"http:\/\/twoglass.co\/?page_id=597"},"modified":"2023-10-27T22:10:57","modified_gmt":"2023-10-27T22:10:57","slug":"impacto-social-two-glass","status":"publish","type":"page","link":"https:\/\/twoglass.co\/en\/impacto-social-two-glass\/","title":{"rendered":"Social Impact"},"content":{"rendered":"<div data-elementor-type=\"wp-page\" data-elementor-id=\"597\" class=\"elementor elementor-597\" data-elementor-post-type=\"page\">\n\t\t\t\t\t\t<section class=\"elementor-section elementor-top-section elementor-element elementor-element-742d76d elementor-section-boxed elementor-section-height-default elementor-section-height-default\" data-id=\"742d76d\" data-element_type=\"section\" data-e-type=\"section\">\n\t\t\t\t\t\t<div class=\"elementor-container elementor-column-gap-default\">\n\t\t\t\t\t<div class=\"elementor-column elementor-col-100 elementor-top-column elementor-element elementor-element-44d7dc3\" data-id=\"44d7dc3\" data-element_type=\"column\" data-e-type=\"column\">\n\t\t\t<div class=\"elementor-widget-wrap elementor-element-populated\">\n\t\t\t\t\t\t<section class=\"elementor-section elementor-inner-section elementor-element elementor-element-ab28873 elementor-section-boxed elementor-section-height-default elementor-section-height-default\" data-id=\"ab28873\" data-element_type=\"section\" data-e-type=\"section\">\n\t\t\t\t\t\t<div class=\"elementor-container elementor-column-gap-default\">\n\t\t\t\t\t<div class=\"elementor-column elementor-col-50 elementor-inner-column elementor-element elementor-element-3839e1a\" data-id=\"3839e1a\" data-element_type=\"column\" data-e-type=\"column\">\n\t\t\t<div class=\"elementor-widget-wrap elementor-element-populated\">\n\t\t\t\t\t\t<div class=\"elementor-element elementor-element-e983d30 elementor-widget elementor-widget-text-editor\" data-id=\"e983d30\" data-element_type=\"widget\" data-e-type=\"widget\" data-widget_type=\"text-editor.default\">\n\t\t\t\t<div class=\"elementor-widget-container\">\n\t\t\t\t\t\t\t\t\t<p>En Two Glass, nuestro impacto abarca tanto el \u00e1mbito ambiental como el social y econ\u00f3mico. Nos enorgullece decir que a trav\u00e9s de la compra de botellas de vidrio a los recicladores a precios m\u00e1s justos, estamos contribuyendo a mejorar sus ingresos econ\u00f3micos. Creemos firmemente en generar una cadena de valor que beneficie a todos los actores involucrados.<\/p><p>Adem\u00e1s, nos complace presentar nuestra Colecci\u00f3n Coral Glass, la cual est\u00e1 directamente relacionada con la conservaci\u00f3n de los corales en el Pac\u00edfico colombiano. Cada compra de nuestros productos de esta colecci\u00f3n contribuye a esta importante labor de preservaci\u00f3n de los ecosistemas marinos.<\/p><p>Pero eso no es todo. Tambi\u00e9n hemos invertido en proyectos de siembra de \u00e1rboles y eventos de limpieza de r\u00edos. Nuestras acciones van m\u00e1s all\u00e1 de solo vender productos, nos preocupamos por ser agentes de cambio y trabajar activamente para proteger nuestro entorno.<\/p><p>En Two Glass, todo lo que hacemos forma parte de nuestro compromiso con la comunidad y el medio ambiente. Nos enorgullece ser parte del parche Two Glass, una comunidad en constante crecimiento que busca construir un mundo m\u00e1s consciente y responsable ambientalmente.<\/p><p>\u00a1\u00danete a nuestro movimiento y seamos juntos la comunidad que marca la diferencia!<\/p>\t\t\t\t\t\t\t\t<\/div>\n\t\t\t\t<\/div>\n\t\t\t\t\t<\/div>\n\t\t<\/div>\n\t\t\t\t<div class=\"elementor-column elementor-col-50 elementor-inner-column elementor-element elementor-element-b4f42c4\" data-id=\"b4f42c4\" data-element_type=\"column\" data-e-type=\"column\">\n\t\t\t<div class=\"elementor-widget-wrap elementor-element-populated\">\n\t\t\t\t\t\t<div class=\"elementor-element elementor-element-f43eac1 elementor-widget elementor-widget-text-editor\" data-id=\"f43eac1\" data-element_type=\"widget\" data-e-type=\"widget\" data-widget_type=\"text-editor.default\">\n\t\t\t\t<div class=\"elementor-widget-container\">\n\t\t\t\t\t\t\t\t\t<p>At Two Glass, our impact extends to both the environmental and the social and economic spheres. We are proud to say that by purchasing glass bottles from recyclers at fair prices, we are contributing to improving their economic incomes. We firmly believe in generating a value chain that benefits all the involved actors.<\/p><p>In addition, we are pleased to introduce our Coral Glass Collection, which is directly related to the conservation of corals in the Colombian Pacific. Each purchase of our products from this collection contributes to this important task of preserving marine ecosystems.<\/p><p>But that&#8217;s not all. We have also invested in tree planting projects and river cleaning events. Our actions go beyond just selling products; we care about being agents of change and actively working to protect our environment.<\/p><p>At Two Glass, everything we do is part of our commitment to the community and the environment. We are proud to be part of the Two Glass patch, a constantly growing community that seeks to build a more environmentally conscious and responsible world.<\/p><p>Join our movement and let&#8217;s together be the community that makes a difference!<\/p>\t\t\t\t\t\t\t\t<\/div>\n\t\t\t\t<\/div>\n\t\t\t\t\t<\/div>\n\t\t<\/div>\n\t\t\t\t\t<\/div>\n\t\t<\/section>\n\t\t\t\t\t<\/div>\n\t\t<\/div>\n\t\t\t\t\t<\/div>\n\t\t<\/section>\n\t\t\t\t<section class=\"elementor-section elementor-top-section elementor-element elementor-element-7f41d39 elementor-section-boxed elementor-section-height-default elementor-section-height-default\" data-id=\"7f41d39\" data-element_type=\"section\" data-e-type=\"section\">\n\t\t\t\t\t\t<div class=\"elementor-container elementor-column-gap-default\">\n\t\t\t\t\t<div class=\"elementor-column elementor-col-50 elementor-top-column elementor-element elementor-element-0138986\" data-id=\"0138986\" data-element_type=\"column\" data-e-type=\"column\">\n\t\t\t<div class=\"elementor-widget-wrap elementor-element-populated\">\n\t\t\t\t\t\t<div class=\"elementor-element elementor-element-463bfdd elementor-absolute elementor-widget elementor-widget-image\" data-id=\"463bfdd\" data-element_type=\"widget\" data-e-type=\"widget\" data-settings=\"{&quot;_position&quot;:&quot;absolute&quot;}\" data-widget_type=\"image.default\">\n\t\t\t\t<div class=\"elementor-widget-container\">\n\t\t\t\t\t\t\t\t\t\t\t\t\t\t\t\t<a href=\"http:\/\/twoglass.co\/en\/blog\/\">\n\t\t\t\t\t\t\t<img fetchpriority=\"high\" decoding=\"async\" width=\"1024\" height=\"1024\" src=\"https:\/\/twoglass.co\/wp-content\/uploads\/2023\/03\/Post-de-pagina-web-20-1024x1024.jpg\" class=\"attachment-large size-large wp-image-2660\" alt=\"adopci\u00f3n de corales two glass\" srcset=\"https:\/\/twoglass.co\/wp-content\/uploads\/2023\/03\/Post-de-pagina-web-20-1024x1024.jpg 1024w, https:\/\/twoglass.co\/wp-content\/uploads\/2023\/03\/Post-de-pagina-web-20-300x300.jpg 300w, https:\/\/twoglass.co\/wp-content\/uploads\/2023\/03\/Post-de-pagina-web-20-150x150.jpg 150w, https:\/\/twoglass.co\/wp-content\/uploads\/2023\/03\/Post-de-pagina-web-20-768x768.jpg 768w, https:\/\/twoglass.co\/wp-content\/uploads\/2023\/03\/Post-de-pagina-web-20-1536x1536.jpg 1536w, https:\/\/twoglass.co\/wp-content\/uploads\/2023\/03\/Post-de-pagina-web-20-2048x2048.jpg 2048w, https:\/\/twoglass.co\/wp-content\/uploads\/2023\/03\/Post-de-pagina-web-20-320x320.jpg 320w, https:\/\/twoglass.co\/wp-content\/uploads\/2023\/03\/Post-de-pagina-web-20-640x640.jpg 640w, https:\/\/twoglass.co\/wp-content\/uploads\/2023\/03\/Post-de-pagina-web-20-360x360.jpg 360w, https:\/\/twoglass.co\/wp-content\/uploads\/2023\/03\/Post-de-pagina-web-20-720x720.jpg 720w, https:\/\/twoglass.co\/wp-content\/uploads\/2023\/03\/Post-de-pagina-web-20-1080x1080.jpg 1080w, https:\/\/twoglass.co\/wp-content\/uploads\/2023\/03\/Post-de-pagina-web-20-800x800.jpg 800w, https:\/\/twoglass.co\/wp-content\/uploads\/2023\/03\/Post-de-pagina-web-20-1280x1280.jpg 1280w, https:\/\/twoglass.co\/wp-content\/uploads\/2023\/03\/Post-de-pagina-web-20-600x600.jpg 600w, https:\/\/twoglass.co\/wp-content\/uploads\/2023\/03\/Post-de-pagina-web-20-100x100.jpg 100w\" sizes=\"(max-width: 1024px) 100vw, 1024px\" \/>\t\t\t\t\t\t\t\t<\/a>\n\t\t\t\t\t\t\t\t\t\t\t\t\t\t\t<\/div>\n\t\t\t\t<\/div>\n\t\t\t\t<div class=\"elementor-element elementor-element-e3a5238 elementor-absolute elementor-widget elementor-widget-image\" data-id=\"e3a5238\" data-element_type=\"widget\" data-e-type=\"widget\" data-settings=\"{&quot;_position&quot;:&quot;absolute&quot;}\" data-widget_type=\"image.default\">\n\t\t\t\t<div class=\"elementor-widget-container\">\n\t\t\t\t\t\t\t\t\t\t\t\t\t\t\t\t<a href=\"http:\/\/twoglass.co\/en\/blog\/\">\n\t\t\t\t\t\t\t<img decoding=\"async\" width=\"1024\" height=\"1024\" data-src=\"https:\/\/twoglass.co\/wp-content\/uploads\/2021\/01\/Adopcion-de-arboles-1024x1024.png\" class=\"attachment-large size-large wp-image-1544 lazyload\" alt=\"\" data-srcset=\"https:\/\/twoglass.co\/wp-content\/uploads\/2021\/01\/Adopcion-de-arboles.png 1024w, https:\/\/twoglass.co\/wp-content\/uploads\/2021\/01\/Adopcion-de-arboles-300x300.png 300w, https:\/\/twoglass.co\/wp-content\/uploads\/2021\/01\/Adopcion-de-arboles-150x150.png 150w, https:\/\/twoglass.co\/wp-content\/uploads\/2021\/01\/Adopcion-de-arboles-768x768.png 768w, https:\/\/twoglass.co\/wp-content\/uploads\/2021\/01\/Adopcion-de-arboles-320x320.png 320w, https:\/\/twoglass.co\/wp-content\/uploads\/2021\/01\/Adopcion-de-arboles-640x640.png 640w, https:\/\/twoglass.co\/wp-content\/uploads\/2021\/01\/Adopcion-de-arboles-360x360.png 360w, https:\/\/twoglass.co\/wp-content\/uploads\/2021\/01\/Adopcion-de-arboles-720x720.png 720w, https:\/\/twoglass.co\/wp-content\/uploads\/2021\/01\/Adopcion-de-arboles-800x800.png 800w, https:\/\/twoglass.co\/wp-content\/uploads\/2021\/01\/Adopcion-de-arboles-600x600.png 600w, https:\/\/twoglass.co\/wp-content\/uploads\/2021\/01\/Adopcion-de-arboles-100x100.png 100w\" data-sizes=\"(max-width: 1024px) 100vw, 1024px\" src=\"data:image\/svg+xml;base64,PHN2ZyB3aWR0aD0iMSIgaGVpZ2h0PSIxIiB4bWxucz0iaHR0cDovL3d3dy53My5vcmcvMjAwMC9zdmciPjwvc3ZnPg==\" style=\"--smush-placeholder-width: 1024px; --smush-placeholder-aspect-ratio: 1024\/1024;\" \/>\t\t\t\t\t\t\t\t<\/a>\n\t\t\t\t\t\t\t\t\t\t\t\t\t\t\t<\/div>\n\t\t\t\t<\/div>\n\t\t\t\t\t<\/div>\n\t\t<\/div>\n\t\t\t\t<div class=\"elementor-column elementor-col-50 elementor-top-column elementor-element elementor-element-a84b6ba\" data-id=\"a84b6ba\" data-element_type=\"column\" data-e-type=\"column\">\n\t\t\t<div class=\"elementor-widget-wrap elementor-element-populated\">\n\t\t\t\t\t\t<div class=\"elementor-element elementor-element-d666ad5 elementor-widget elementor-widget-image\" data-id=\"d666ad5\" data-element_type=\"widget\" data-e-type=\"widget\" data-widget_type=\"image.default\">\n\t\t\t\t<div class=\"elementor-widget-container\">\n\t\t\t\t\t\t\t\t\t\t\t\t\t\t\t<img decoding=\"async\" width=\"1024\" height=\"1024\" data-src=\"https:\/\/twoglass.co\/wp-content\/uploads\/2023\/03\/Post-de-pagina-web-22-1024x1024.jpg\" class=\"attachment-large size-large wp-image-2676 lazyload\" alt=\"recuambiental two glass\" data-srcset=\"https:\/\/twoglass.co\/wp-content\/uploads\/2023\/03\/Post-de-pagina-web-22-1024x1024.jpg 1024w, https:\/\/twoglass.co\/wp-content\/uploads\/2023\/03\/Post-de-pagina-web-22-300x300.jpg 300w, https:\/\/twoglass.co\/wp-content\/uploads\/2023\/03\/Post-de-pagina-web-22-150x150.jpg 150w, https:\/\/twoglass.co\/wp-content\/uploads\/2023\/03\/Post-de-pagina-web-22-768x768.jpg 768w, https:\/\/twoglass.co\/wp-content\/uploads\/2023\/03\/Post-de-pagina-web-22-1536x1536.jpg 1536w, https:\/\/twoglass.co\/wp-content\/uploads\/2023\/03\/Post-de-pagina-web-22-2048x2048.jpg 2048w, https:\/\/twoglass.co\/wp-content\/uploads\/2023\/03\/Post-de-pagina-web-22-320x320.jpg 320w, https:\/\/twoglass.co\/wp-content\/uploads\/2023\/03\/Post-de-pagina-web-22-640x640.jpg 640w, https:\/\/twoglass.co\/wp-content\/uploads\/2023\/03\/Post-de-pagina-web-22-360x360.jpg 360w, https:\/\/twoglass.co\/wp-content\/uploads\/2023\/03\/Post-de-pagina-web-22-720x720.jpg 720w, https:\/\/twoglass.co\/wp-content\/uploads\/2023\/03\/Post-de-pagina-web-22-1080x1080.jpg 1080w, https:\/\/twoglass.co\/wp-content\/uploads\/2023\/03\/Post-de-pagina-web-22-800x800.jpg 800w, https:\/\/twoglass.co\/wp-content\/uploads\/2023\/03\/Post-de-pagina-web-22-1280x1280.jpg 1280w, https:\/\/twoglass.co\/wp-content\/uploads\/2023\/03\/Post-de-pagina-web-22-600x600.jpg 600w, https:\/\/twoglass.co\/wp-content\/uploads\/2023\/03\/Post-de-pagina-web-22-100x100.jpg 100w\" data-sizes=\"(max-width: 1024px) 100vw, 1024px\" src=\"data:image\/svg+xml;base64,PHN2ZyB3aWR0aD0iMSIgaGVpZ2h0PSIxIiB4bWxucz0iaHR0cDovL3d3dy53My5vcmcvMjAwMC9zdmciPjwvc3ZnPg==\" style=\"--smush-placeholder-width: 1024px; --smush-placeholder-aspect-ratio: 1024\/1024;\" \/>\t\t\t\t\t\t\t\t\t\t\t\t\t\t\t<\/div>\n\t\t\t\t<\/div>\n\t\t\t\t<div class=\"elementor-element elementor-element-a3a3101 elementor-widget elementor-widget-image\" data-id=\"a3a3101\" data-element_type=\"widget\" data-e-type=\"widget\" data-widget_type=\"image.default\">\n\t\t\t\t<div class=\"elementor-widget-container\">\n\t\t\t\t\t\t\t\t\t\t\t\t\t\t\t<img decoding=\"async\" width=\"1024\" height=\"1024\" data-src=\"https:\/\/twoglass.co\/wp-content\/uploads\/2021\/01\/Adopcion-de-arboles-2-1024x1024.png\" class=\"attachment-large size-large wp-image-1545 lazyload\" alt=\"\" data-srcset=\"https:\/\/twoglass.co\/wp-content\/uploads\/2021\/01\/Adopcion-de-arboles-2.png 1024w, https:\/\/twoglass.co\/wp-content\/uploads\/2021\/01\/Adopcion-de-arboles-2-300x300.png 300w, https:\/\/twoglass.co\/wp-content\/uploads\/2021\/01\/Adopcion-de-arboles-2-150x150.png 150w, https:\/\/twoglass.co\/wp-content\/uploads\/2021\/01\/Adopcion-de-arboles-2-768x768.png 768w, https:\/\/twoglass.co\/wp-content\/uploads\/2021\/01\/Adopcion-de-arboles-2-320x320.png 320w, https:\/\/twoglass.co\/wp-content\/uploads\/2021\/01\/Adopcion-de-arboles-2-640x640.png 640w, https:\/\/twoglass.co\/wp-content\/uploads\/2021\/01\/Adopcion-de-arboles-2-360x360.png 360w, https:\/\/twoglass.co\/wp-content\/uploads\/2021\/01\/Adopcion-de-arboles-2-720x720.png 720w, https:\/\/twoglass.co\/wp-content\/uploads\/2021\/01\/Adopcion-de-arboles-2-800x800.png 800w, https:\/\/twoglass.co\/wp-content\/uploads\/2021\/01\/Adopcion-de-arboles-2-600x600.png 600w, https:\/\/twoglass.co\/wp-content\/uploads\/2021\/01\/Adopcion-de-arboles-2-100x100.png 100w\" data-sizes=\"(max-width: 1024px) 100vw, 1024px\" src=\"data:image\/svg+xml;base64,PHN2ZyB3aWR0aD0iMSIgaGVpZ2h0PSIxIiB4bWxucz0iaHR0cDovL3d3dy53My5vcmcvMjAwMC9zdmciPjwvc3ZnPg==\" style=\"--smush-placeholder-width: 1024px; --smush-placeholder-aspect-ratio: 1024\/1024;\" \/>\t\t\t\t\t\t\t\t\t\t\t\t\t\t\t<\/div>\n\t\t\t\t<\/div>\n\t\t\t\t\t<\/div>\n\t\t<\/div>\n\t\t\t\t\t<\/div>\n\t\t<\/section>\n\t\t\t\t<section class=\"elementor-section elementor-top-section elementor-element elementor-element-519886c elementor-section-boxed elementor-section-height-default elementor-section-height-default\" data-id=\"519886c\" data-element_type=\"section\" data-e-type=\"section\">\n\t\t\t\t\t\t<div class=\"elementor-container elementor-column-gap-default\">\n\t\t\t\t\t<div class=\"elementor-column elementor-col-100 elementor-top-column elementor-element elementor-element-f85ac8f\" data-id=\"f85ac8f\" data-element_type=\"column\" data-e-type=\"column\">\n\t\t\t<div class=\"elementor-widget-wrap elementor-element-populated\">\n\t\t\t\t\t\t<div class=\"elementor-element elementor-element-68c08c7 elementor-widget elementor-widget-heading\" data-id=\"68c08c7\" data-element_type=\"widget\" data-e-type=\"widget\" data-widget_type=\"heading.default\">\n\t\t\t\t<div class=\"elementor-widget-container\">\n\t\t\t\t\t<h2 class=\"elementor-heading-title elementor-size-default\">With the support of:<\/h2>\t\t\t\t<\/div>\n\t\t\t\t<\/div>\n\t\t\t\t\t<\/div>\n\t\t<\/div>\n\t\t\t\t\t<\/div>\n\t\t<\/section>\n\t\t\t\t<section class=\"elementor-section elementor-top-section elementor-element elementor-element-f43676c elementor-section-boxed elementor-section-height-default elementor-section-height-default\" data-id=\"f43676c\" data-element_type=\"section\" data-e-type=\"section\">\n\t\t\t\t\t\t<div class=\"elementor-container elementor-column-gap-default\">\n\t\t\t\t\t<div class=\"elementor-column elementor-col-100 elementor-top-column elementor-element elementor-element-b8f86bc\" data-id=\"b8f86bc\" data-element_type=\"column\" data-e-type=\"column\">\n\t\t\t<div class=\"elementor-widget-wrap elementor-element-populated\">\n\t\t\t\t\t\t<div class=\"elementor-element elementor-element-33b8d9a elementor-arrows-position-inside elementor-pagination-position-outside elementor-widget elementor-widget-image-carousel\" data-id=\"33b8d9a\" data-element_type=\"widget\" data-e-type=\"widget\" data-settings=\"{&quot;slides_to_show&quot;:&quot;2&quot;,&quot;navigation&quot;:&quot;both&quot;,&quot;autoplay&quot;:&quot;yes&quot;,&quot;pause_on_hover&quot;:&quot;yes&quot;,&quot;pause_on_interaction&quot;:&quot;yes&quot;,&quot;autoplay_speed&quot;:5000,&quot;infinite&quot;:&quot;yes&quot;,&quot;speed&quot;:500}\" data-widget_type=\"image-carousel.default\">\n\t\t\t\t<div class=\"elementor-widget-container\">\n\t\t\t\t\t\t\t<div class=\"elementor-image-carousel-wrapper swiper\" role=\"region\" aria-roledescription=\"carousel\" aria-label=\"Image Carousel\" dir=\"ltr\" data-no-translation-aria-label=\"\">\n\t\t\t<div class=\"elementor-image-carousel swiper-wrapper\" aria-live=\"off\">\n\t\t\t\t\t\t\t\t<div class=\"swiper-slide\" role=\"group\" aria-roledescription=\"slide\" aria-label=\"1 of 4\" data-no-translation-aria-label=\"\"><figure class=\"swiper-slide-inner\"><img decoding=\"async\" class=\"swiper-slide-image lazyload\" data-src=\"https:\/\/twoglass.co\/wp-content\/uploads\/2023\/10\/Diseno-sin-titulo-8.jpg\" alt=\"gobernacion del valle two glass\" src=\"data:image\/svg+xml;base64,PHN2ZyB3aWR0aD0iMSIgaGVpZ2h0PSIxIiB4bWxucz0iaHR0cDovL3d3dy53My5vcmcvMjAwMC9zdmciPjwvc3ZnPg==\" style=\"--smush-placeholder-width: 500px; --smush-placeholder-aspect-ratio: 500\/500;\" \/><\/figure><\/div><div class=\"swiper-slide\" role=\"group\" aria-roledescription=\"slide\" aria-label=\"2 of 4\" data-no-translation-aria-label=\"\"><figure class=\"swiper-slide-inner\"><img decoding=\"async\" class=\"swiper-slide-image lazyload\" data-src=\"https:\/\/twoglass.co\/wp-content\/uploads\/2023\/10\/Diseno-sin-titulo-9.jpg\" alt=\"alcaldia de cali two glass\" src=\"data:image\/svg+xml;base64,PHN2ZyB3aWR0aD0iMSIgaGVpZ2h0PSIxIiB4bWxucz0iaHR0cDovL3d3dy53My5vcmcvMjAwMC9zdmciPjwvc3ZnPg==\" style=\"--smush-placeholder-width: 500px; --smush-placeholder-aspect-ratio: 500\/500;\" \/><\/figure><\/div><div class=\"swiper-slide\" role=\"group\" aria-roledescription=\"slide\" aria-label=\"3 of 4\" data-no-translation-aria-label=\"\"><figure class=\"swiper-slide-inner\"><img decoding=\"async\" class=\"swiper-slide-image lazyload\" data-src=\"https:\/\/twoglass.co\/wp-content\/uploads\/2023\/10\/Diseno-sin-titulo-10.jpg\" alt=\"Dise\u00f1o sin t\u00edtulo (10)\" src=\"data:image\/svg+xml;base64,PHN2ZyB3aWR0aD0iMSIgaGVpZ2h0PSIxIiB4bWxucz0iaHR0cDovL3d3dy53My5vcmcvMjAwMC9zdmciPjwvc3ZnPg==\" style=\"--smush-placeholder-width: 500px; --smush-placeholder-aspect-ratio: 500\/500;\" \/><\/figure><\/div><div class=\"swiper-slide\" role=\"group\" aria-roledescription=\"slide\" aria-label=\"4 of 4\" data-no-translation-aria-label=\"\"><figure class=\"swiper-slide-inner\"><img decoding=\"async\" class=\"swiper-slide-image lazyload\" data-src=\"https:\/\/twoglass.co\/wp-content\/uploads\/2023\/10\/Diseno-sin-titulo-11.jpg\" alt=\"Dise\u00f1o sin t\u00edtulo (11)\" src=\"data:image\/svg+xml;base64,PHN2ZyB3aWR0aD0iMSIgaGVpZ2h0PSIxIiB4bWxucz0iaHR0cDovL3d3dy53My5vcmcvMjAwMC9zdmciPjwvc3ZnPg==\" style=\"--smush-placeholder-width: 500px; --smush-placeholder-aspect-ratio: 500\/500;\" \/><\/figure><\/div>\t\t\t<\/div>\n\t\t\t\t\t\t\t\t\t\t\t\t<div class=\"elementor-swiper-button elementor-swiper-button-prev\" role=\"button\" tabindex=\"0\">\n\t\t\t\t\t\t<i aria-hidden=\"true\" class=\"eicon-chevron-left\"><\/i>\t\t\t\t\t<\/div>\n\t\t\t\t\t<div class=\"elementor-swiper-button elementor-swiper-button-next\" role=\"button\" tabindex=\"0\">\n\t\t\t\t\t\t<i aria-hidden=\"true\" class=\"eicon-chevron-right\"><\/i>\t\t\t\t\t<\/div>\n\t\t\t\t\n\t\t\t\t\t\t\t\t\t<div class=\"swiper-pagination\"><\/div>\n\t\t\t\t\t\t\t\t\t<\/div>\n\t\t\t\t\t\t<\/div>\n\t\t\t\t<\/div>\n\t\t\t\t\t<\/div>\n\t\t<\/div>\n\t\t\t\t\t<\/div>\n\t\t<\/section>\n\t\t\t\t<\/div>","protected":false},"excerpt":{"rendered":"<p>En Two Glass, nuestro impacto abarca tanto el \u00e1mbito ambiental como el social y econ\u00f3mico. Nos enorgullece decir que a trav\u00e9s de la compra de botellas de vidrio a los recicladores a precios m\u00e1s justos, estamos contribuyendo a mejorar sus ingresos econ\u00f3micos. Creemos firmemente en generar una cadena de valor que beneficie a todos los [&hellip;]<\/p>\n","protected":false},"author":1,"featured_media":0,"parent":0,"menu_order":0,"comment_status":"closed","ping_status":"closed","template":"","meta":{"site-sidebar-layout":"no-sidebar","site-content-layout":"page-builder","ast-site-content-layout":"default","site-content-style":"default","site-sidebar-style":"default","ast-global-header-display":"","ast-banner-title-visibility":"","ast-main-header-display":"","ast-hfb-above-header-display":"","ast-hfb-below-header-display":"","ast-hfb-mobile-header-display":"","site-post-title":"disabled","ast-breadcrumbs-content":"","ast-featured-img":"disabled","footer-sml-layout":"","ast-disable-related-posts":"","theme-transparent-header-meta":"default","adv-header-id-meta":"","stick-header-meta":"","header-above-stick-meta":"","header-main-stick-meta":"","header-below-stick-meta":"","astra-migrate-meta-layouts":"default","ast-page-background-enabled":"default","ast-page-background-meta":{"desktop":{"background-color":"var(--ast-global-color-4)","background-image":"","background-repeat":"repeat","background-position":"center center","background-size":"auto","background-attachment":"scroll","background-type":"","background-media":"","overlay-type":"","overlay-color":"","overlay-opacity":"","overlay-gradient":""},"tablet":{"background-color":"","background-image":"","background-repeat":"repeat","background-position":"center center","background-size":"auto","background-attachment":"scroll","background-type":"","background-media":"","overlay-type":"","overlay-color":"","overlay-opacity":"","overlay-gradient":""},"mobile":{"background-color":"","background-image":"","background-repeat":"repeat","background-position":"center center","background-size":"auto","background-attachment":"scroll","background-type":"","background-media":"","overlay-type":"","overlay-color":"","overlay-opacity":"","overlay-gradient":""}},"ast-content-background-meta":{"desktop":{"background-color":"var(--ast-global-color-5)","background-image":"","background-repeat":"repeat","background-position":"center center","background-size":"auto","background-attachment":"scroll","background-type":"","background-media":"","overlay-type":"","overlay-color":"","overlay-opacity":"","overlay-gradient":""},"tablet":{"background-color":"var(--ast-global-color-5)","background-image":"","background-repeat":"repeat","background-position":"center center","background-size":"auto","background-attachment":"scroll","background-type":"","background-media":"","overlay-type":"","overlay-color":"","overlay-opacity":"","overlay-gradient":""},"mobile":{"background-color":"var(--ast-global-color-5)","background-image":"","background-repeat":"repeat","background-position":"center center","background-size":"auto","background-attachment":"scroll","background-type":"","background-media":"","overlay-type":"","overlay-color":"","overlay-opacity":"","overlay-gradient":""}},"footnotes":""},"class_list":["post-597","page","type-page","status-publish","hentry"],"aioseo_notices":[],"_links":{"self":[{"href":"https:\/\/twoglass.co\/en\/wp-json\/wp\/v2\/pages\/597","targetHints":{"allow":["GET"]}}],"collection":[{"href":"https:\/\/twoglass.co\/en\/wp-json\/wp\/v2\/pages"}],"about":[{"href":"https:\/\/twoglass.co\/en\/wp-json\/wp\/v2\/types\/page"}],"author":[{"embeddable":true,"href":"https:\/\/twoglass.co\/en\/wp-json\/wp\/v2\/users\/1"}],"replies":[{"embeddable":true,"href":"https:\/\/twoglass.co\/en\/wp-json\/wp\/v2\/comments?post=597"}],"version-history":[{"count":28,"href":"https:\/\/twoglass.co\/en\/wp-json\/wp\/v2\/pages\/597\/revisions"}],"predecessor-version":[{"id":3002,"href":"https:\/\/twoglass.co\/en\/wp-json\/wp\/v2\/pages\/597\/revisions\/3002"}],"wp:attachment":[{"href":"https:\/\/twoglass.co\/en\/wp-json\/wp\/v2\/media?parent=597"}],"curies":[{"name":"wp","href":"https:\/\/api.w.org\/{rel}","templated":true}]}}