{"id":2626,"date":"2023-03-10T19:28:19","date_gmt":"2023-03-10T19:28:19","guid":{"rendered":"https:\/\/twoglass.co\/?post_type=product&#038;p=2626"},"modified":"2024-11-09T07:50:47","modified_gmt":"2024-11-09T07:50:47","slug":"papel-troquelado-3d-two-glass","status":"publish","type":"product","link":"https:\/\/twoglass.co\/en\/product\/papel-troquelado-3d-two-glass\/","title":{"rendered":"3D die-cut paper"},"content":{"rendered":"<p>Ideal para empacar y proteger sus producto de una manera m\u00e1s eco amigable.<\/p>\n<ul>\n<li>Su dise\u00f1o hexagonal en 3D permite servir de amortiguador en caso de ca\u00edda reemplazando el pl\u00e1stico de burbuja, almohadillas y espumas.<\/li>\n<li>F\u00e1cil de rasgar (no requiere tijera o bistur\u00ed)<\/li>\n<li>Compacto, ocupando poco espacio de almacenamiento.<\/li>\n<li>100% biodegradable y compostable.<\/li>\n<li>Alto estiramiento, al 30% de su tama\u00f1o inicial.<\/li>\n<\/ul>\n<p>En caso de compras al por mayor escribir al n\u00famero de whatsapp <a href=\"https:\/\/wa.me\/message\/ZXHY6OGPK6BBI1\">+57 3054591891<\/a><\/p>\n<p>&nbsp;<\/p>","protected":false},"excerpt":{"rendered":"<p>Ideal para empacar y proteger sus producto de una manera m\u00e1s eco amigable.<\/p>\n<ul>\n<li>Su dise\u00f1o hexagonal en 3D permite servir de amortiguador en caso de ca\u00edda reemplazando el pl\u00e1stico de burbuja, almohadillas y espumas.<\/li>\n<li>F\u00e1cil de rasgar (no requiere tijera o bistur\u00ed)<\/li>\n<li>Compacto, ocupando poco espacio de almacenamiento.<\/li>\n<li>100% biodegradable y compostable.<\/li>\n<li>Alto estiramiento, al 30% de su tama\u00f1o inicial.<\/li>\n<li>Elige una de las tres presentaciones, de acuerdo al que se adapte a tu necesidad.<\/li>\n<\/ul>\n<p>Lleva el tuyo y s\u00e9 parte de la comunidad que empaca productos con materiales que cuidan el medioambiente.<\/p>\n<p>En caso de compras al por mayor escribir al n\u00famero de whatsapp <a href=\"https:\/\/wa.me\/message\/ZXHY6OGPK6BBI1\">+57 3054591891<\/a><\/p>","protected":false},"featured_media":2711,"comment_status":"open","ping_status":"closed","template":"","meta":{"site-sidebar-layout":"default","site-content-layout":"default","ast-site-content-layout":"default","site-content-style":"default","site-sidebar-style":"default","ast-global-header-display":"","ast-banner-title-visibility":"","ast-main-header-display":"","ast-hfb-above-header-display":"","ast-hfb-below-header-display":"","ast-hfb-mobile-header-display":"","site-post-title":"","ast-breadcrumbs-content":"","ast-featured-img":"","footer-sml-layout":"","ast-disable-related-posts":"","theme-transparent-header-meta":"default","adv-header-id-meta":"","stick-header-meta":"","header-above-stick-meta":"","header-main-stick-meta":"","header-below-stick-meta":"","astra-migrate-meta-layouts":"default","ast-page-background-enabled":"default","ast-page-background-meta":{"desktop":{"background-color":"var(--ast-global-color-4)","background-image":"","background-repeat":"repeat","background-position":"center center","background-size":"auto","background-attachment":"scroll","background-type":"","background-media":"","overlay-type":"","overlay-color":"","overlay-opacity":"","overlay-gradient":""},"tablet":{"background-color":"","background-image":"","background-repeat":"repeat","background-position":"center center","background-size":"auto","background-attachment":"scroll","background-type":"","background-media":"","overlay-type":"","overlay-color":"","overlay-opacity":"","overlay-gradient":""},"mobile":{"background-color":"","background-image":"","background-repeat":"repeat","background-position":"center center","background-size":"auto","background-attachment":"scroll","background-type":"","background-media":"","overlay-type":"","overlay-color":"","overlay-opacity":"","overlay-gradient":""}},"ast-content-background-meta":{"desktop":{"background-color":"var(--ast-global-color-5)","background-image":"","background-repeat":"repeat","background-position":"center center","background-size":"auto","background-attachment":"scroll","background-type":"","background-media":"","overlay-type":"","overlay-color":"","overlay-opacity":"","overlay-gradient":""},"tablet":{"background-color":"var(--ast-global-color-5)","background-image":"","background-repeat":"repeat","background-position":"center center","background-size":"auto","background-attachment":"scroll","background-type":"","background-media":"","overlay-type":"","overlay-color":"","overlay-opacity":"","overlay-gradient":""},"mobile":{"background-color":"var(--ast-global-color-5)","background-image":"","background-repeat":"repeat","background-position":"center center","background-size":"auto","background-attachment":"scroll","background-type":"","background-media":"","overlay-type":"","overlay-color":"","overlay-opacity":"","overlay-gradient":""}}},"product_brand":[],"product_cat":[149],"product_tag":[187,185,184,186,98,198],"class_list":{"0":"post-2626","1":"product","2":"type-product","3":"status-publish","4":"has-post-thumbnail","6":"product_cat-multimarca","7":"product_tag-detalle","8":"product_tag-empaque","9":"product_tag-pepel","10":"product_tag-regalo","11":"product_tag-regalos-personalizados","12":"product_tag-troquelado","13":"desktop-align-left","14":"tablet-align-left","15":"mobile-align-left","17":"first","18":"instock","19":"taxable","20":"shipping-taxable","21":"purchasable","22":"product-type-variable"},"aioseo_notices":[],"_links":{"self":[{"href":"https:\/\/twoglass.co\/en\/wp-json\/wp\/v2\/product\/2626","targetHints":{"allow":["GET"]}}],"collection":[{"href":"https:\/\/twoglass.co\/en\/wp-json\/wp\/v2\/product"}],"about":[{"href":"https:\/\/twoglass.co\/en\/wp-json\/wp\/v2\/types\/product"}],"replies":[{"embeddable":true,"href":"https:\/\/twoglass.co\/en\/wp-json\/wp\/v2\/comments?post=2626"}],"wp:featuredmedia":[{"embeddable":true,"href":"https:\/\/twoglass.co\/en\/wp-json\/wp\/v2\/media\/2711"}],"wp:attachment":[{"href":"https:\/\/twoglass.co\/en\/wp-json\/wp\/v2\/media?parent=2626"}],"wp:term":[{"taxonomy":"product_brand","embeddable":true,"href":"https:\/\/twoglass.co\/en\/wp-json\/wp\/v2\/product_brand?post=2626"},{"taxonomy":"product_cat","embeddable":true,"href":"https:\/\/twoglass.co\/en\/wp-json\/wp\/v2\/product_cat?post=2626"},{"taxonomy":"product_tag","embeddable":true,"href":"https:\/\/twoglass.co\/en\/wp-json\/wp\/v2\/product_tag?post=2626"}],"curies":[{"name":"wp","href":"https:\/\/api.w.org\/{rel}","templated":true}]}}