{"id":2724,"date":"2023-04-27T15:19:05","date_gmt":"2023-04-27T15:19:05","guid":{"rendered":"https:\/\/twoglass.co\/?post_type=product&#038;p=2724"},"modified":"2023-09-19T21:36:02","modified_gmt":"2023-09-19T21:36:02","slug":"comedero-para-mascotas","status":"publish","type":"product","link":"https:\/\/twoglass.co\/en\/product\/comedero-para-mascotas\/","title":{"rendered":"Pet feeder"},"content":{"rendered":"<p>\u00a1Atenci\u00f3n amantes de las mascotas!<\/p>\n<p>Tenemos en venta un hermoso comedero para mascotas hecho de madera de pino recuperado, completamente armado de forma artesanal. Este comedero no solo es pr\u00e1ctico y funcional, sino que tambi\u00e9n es un objeto decorativo que quedar\u00e1 perfecto en cualquier parte de tu hogar.<\/p>\n<p>La parte m\u00e1s importante de este comedero es el plato, el cual est\u00e1 elaborado con acero inoxidable de alta calidad. Este material garantiza la durabilidad del plato y su f\u00e1cil limpieza. Adem\u00e1s, es ideal para evitar la proliferaci\u00f3n de bacterias y garantizar la salud de tu peludo amigo.<\/p>\n<p>Pero eso no es todo. Al adquirir este comedero, estar\u00e1s colaborando con una noble causa. Parte del dinero recaudado ser\u00e1 destinado al tratamiento de la adorada @lagatakien, quien est\u00e1 luchando contra la enfermedad gingivoestomatitis cr\u00f3nica felina. Gracias a tu compra, podr\u00e1n cubrir los costos de los medicamentos y tratamientos necesarios para aliviar su dolor y mejorar su calidad de vida.<\/p>\n<p>As\u00ed que no lo pienses m\u00e1s y adquiere este hermoso comedero para tu mascota. No solo estar\u00e1s brind\u00e1ndole un lugar digno para comer, sino que tambi\u00e9n estar\u00e1s ayudando a la recuperaci\u00f3n de @lagatakien. \u00a1Haz una buena acci\u00f3n y consigue este comedero ahora!<\/p>\n<p>Recuerda, tu mascota se merece lo mejor, \u00a1y ellos te lo agradecer\u00e1n con todo su amor y cari\u00f1o!<\/p>","protected":false},"excerpt":{"rendered":"<p>\u00ab\u00a1Venta de comedero para mascotas de madera recuperada, comprometidos con el medio ambiente!<\/p>\n<p>Nuestros comederos son de madera de pino recuperada, sin talado de \u00e1rboles. Apoyamos \u00abmenos arboles, m\u00e1s dise\u00f1o\u00bb, creando piezas est\u00e9ticamente atractivas y funcionales.<\/p>\n<p>Cada comedero es artesanal, garantizando calidad y durabilidad. Adaptado a cualquier mascota y necesidades alimenticias.<\/p>\n<p>El plato est\u00e1 hecho de acero inoxidable, asegurando higiene y previniendo bacterias.<\/p>\n<p>Prioriza el bienestar de tu mascota y cuida el medio ambiente. \u00a1Adquiere el comedero de madera recuperada y br\u00edndale calidad a tu mascota!<\/p>\n<p>Cont\u00e1ctanos para m\u00e1s informaci\u00f3n. Haz de la alimentaci\u00f3n de tu mascota una experiencia \u00fanica y sostenible!\u00bb<\/p>","protected":false},"featured_media":2726,"comment_status":"open","ping_status":"closed","template":"","meta":{"site-sidebar-layout":"default","site-content-layout":"default","ast-site-content-layout":"default","site-content-style":"default","site-sidebar-style":"default","ast-global-header-display":"","ast-banner-title-visibility":"","ast-main-header-display":"","ast-hfb-above-header-display":"","ast-hfb-below-header-display":"","ast-hfb-mobile-header-display":"","site-post-title":"","ast-breadcrumbs-content":"","ast-featured-img":"","footer-sml-layout":"","ast-disable-related-posts":"","theme-transparent-header-meta":"default","adv-header-id-meta":"","stick-header-meta":"","header-above-stick-meta":"","header-main-stick-meta":"","header-below-stick-meta":"","astra-migrate-meta-layouts":"default","ast-page-background-enabled":"default","ast-page-background-meta":{"desktop":{"background-color":"var(--ast-global-color-4)","background-image":"","background-repeat":"repeat","background-position":"center center","background-size":"auto","background-attachment":"scroll","background-type":"","background-media":"","overlay-type":"","overlay-color":"","overlay-opacity":"","overlay-gradient":""},"tablet":{"background-color":"","background-image":"","background-repeat":"repeat","background-position":"center center","background-size":"auto","background-attachment":"scroll","background-type":"","background-media":"","overlay-type":"","overlay-color":"","overlay-opacity":"","overlay-gradient":""},"mobile":{"background-color":"","background-image":"","background-repeat":"repeat","background-position":"center center","background-size":"auto","background-attachment":"scroll","background-type":"","background-media":"","overlay-type":"","overlay-color":"","overlay-opacity":"","overlay-gradient":""}},"ast-content-background-meta":{"desktop":{"background-color":"var(--ast-global-color-5)","background-image":"","background-repeat":"repeat","background-position":"center center","background-size":"auto","background-attachment":"scroll","background-type":"","background-media":"","overlay-type":"","overlay-color":"","overlay-opacity":"","overlay-gradient":""},"tablet":{"background-color":"var(--ast-global-color-5)","background-image":"","background-repeat":"repeat","background-position":"center center","background-size":"auto","background-attachment":"scroll","background-type":"","background-media":"","overlay-type":"","overlay-color":"","overlay-opacity":"","overlay-gradient":""},"mobile":{"background-color":"var(--ast-global-color-5)","background-image":"","background-repeat":"repeat","background-position":"center center","background-size":"auto","background-attachment":"scroll","background-type":"","background-media":"","overlay-type":"","overlay-color":"","overlay-opacity":"","overlay-gradient":""}}},"product_brand":[],"product_cat":[149],"product_tag":[195,192,208,207,209,112,109],"class_list":{"0":"post-2724","1":"product","2":"type-product","3":"status-publish","4":"has-post-thumbnail","6":"product_cat-multimarca","7":"product_tag-cambio-climatico","8":"product_tag-economia-circular","9":"product_tag-estibas","10":"product_tag-madera-pino-recuperado","11":"product_tag-mascotas","12":"product_tag-medioambiente","13":"product_tag-reciclaje","14":"desktop-align-left","15":"tablet-align-left","16":"mobile-align-left","18":"first","19":"instock","20":"taxable","21":"shipping-taxable","22":"purchasable","23":"product-type-simple"},"aioseo_notices":[],"_links":{"self":[{"href":"https:\/\/twoglass.co\/en\/wp-json\/wp\/v2\/product\/2724","targetHints":{"allow":["GET"]}}],"collection":[{"href":"https:\/\/twoglass.co\/en\/wp-json\/wp\/v2\/product"}],"about":[{"href":"https:\/\/twoglass.co\/en\/wp-json\/wp\/v2\/types\/product"}],"replies":[{"embeddable":true,"href":"https:\/\/twoglass.co\/en\/wp-json\/wp\/v2\/comments?post=2724"}],"wp:featuredmedia":[{"embeddable":true,"href":"https:\/\/twoglass.co\/en\/wp-json\/wp\/v2\/media\/2726"}],"wp:attachment":[{"href":"https:\/\/twoglass.co\/en\/wp-json\/wp\/v2\/media?parent=2724"}],"wp:term":[{"taxonomy":"product_brand","embeddable":true,"href":"https:\/\/twoglass.co\/en\/wp-json\/wp\/v2\/product_brand?post=2724"},{"taxonomy":"product_cat","embeddable":true,"href":"https:\/\/twoglass.co\/en\/wp-json\/wp\/v2\/product_cat?post=2724"},{"taxonomy":"product_tag","embeddable":true,"href":"https:\/\/twoglass.co\/en\/wp-json\/wp\/v2\/product_tag?post=2724"}],"curies":[{"name":"wp","href":"https:\/\/api.w.org\/{rel}","templated":true}]}}