{"id":3286,"date":"2025-01-28T02:37:57","date_gmt":"2025-01-28T02:37:57","guid":{"rendered":"https:\/\/twoglass.co\/?post_type=product&#038;p=3286"},"modified":"2025-02-28T01:46:02","modified_gmt":"2025-02-28T01:46:02","slug":"coleccion-mi-pasto-lindo-vasos-quechua","status":"publish","type":"product","link":"https:\/\/twoglass.co\/en\/product\/coleccion-mi-pasto-lindo-vasos-quechua\/","title":{"rendered":"My Beautiful Pasto Collection x6"},"content":{"rendered":"<p><strong>Descubre los vasos de la colecci\u00f3n <em>Mi Pasto Lindo<\/em><\/strong>: hechos a mano con botellas recicladas y decorados con tinta negra, cada uno con un dise\u00f1o \u00fanico que resalta la cultura nari\u00f1ense. Tienen una altura promedio de 14 cm, combinando sostenibilidad y estilo.<\/p>","protected":false},"excerpt":{"rendered":"<p>En Two Glass SAS BIC nos llena de orgullo presentar <strong>\u00abMi Pasto Lindo\u00bb<\/strong>, una colecci\u00f3n creada por el talentoso dise\u00f1ador <strong>Juan Pablo Gonz\u00e1lez<\/strong>, que celebra nuestras ra\u00edces nari\u00f1enses y el legado vivo de la lengua quechua.<\/p>\n<p>Esta edici\u00f3n especial incluye <strong>seis vasos hechos a mano<\/strong> con botellas recicladas, decorados con tinta negra y una altura promedio de 14 cm. Cada vaso cuenta una historia \u00fanica a trav\u00e9s de palabras representativas de nuestra regi\u00f3n, conect\u00e1ndote con la esencia de Nari\u00f1o en cada sorbo.<\/p>\n<p>\u2728 <strong>\u00bfQu\u00e9 hace especial esta colecci\u00f3n?<\/strong><\/p>\n<ul>\n<li>Es un homenaje a nuestras ra\u00edces, cultura y tradiciones.<\/li>\n<li>Elaborada de forma sostenible, promoviendo el cuidado del medioambiente.<\/li>\n<li>Cada compra contribuye a preservar la identidad cultural y el arte local.<\/li>\n<li>Perfecta para personalizar tus espacios o como un regalo cargado de significado.<\/li>\n<\/ul>\n<p>\ud83d\uded2 <strong>Preventa abierta<\/strong><br \/>\nHaz tu pedido hoy y acomp\u00e1\u00f1anos en el proceso creativo. Durante el periodo de preventa, recibir\u00e1s actualizaciones sobre la producci\u00f3n de tus vasos, conect\u00e1ndote directamente con el arte detr\u00e1s de cada pieza.<\/p>\n<p>\ud83d\udce6 <strong>Entregas a partir del 26 de marzo<\/strong><br \/>\nTu colecci\u00f3n estar\u00e1 lista para llegar a tus manos a partir de esta fecha, lista para transformar tus momentos cotidianos en una experiencia cultural \u00fanica.<\/p>\n<p>\ud83d\udc49 <strong>Forma parte de esta historia que honra nuestras ra\u00edces y la sostenibilidad.<\/strong> \u00a1Compra ahora y celebra la cultura nari\u00f1ense con nosotros!<\/p>","protected":false},"featured_media":3289,"comment_status":"open","ping_status":"closed","template":"","meta":{"site-sidebar-layout":"default","site-content-layout":"default","ast-site-content-layout":"default","site-content-style":"default","site-sidebar-style":"default","ast-global-header-display":"","ast-banner-title-visibility":"","ast-main-header-display":"","ast-hfb-above-header-display":"","ast-hfb-below-header-display":"","ast-hfb-mobile-header-display":"","site-post-title":"","ast-breadcrumbs-content":"","ast-featured-img":"","footer-sml-layout":"","ast-disable-related-posts":"","theme-transparent-header-meta":"default","adv-header-id-meta":"","stick-header-meta":"","header-above-stick-meta":"","header-main-stick-meta":"","header-below-stick-meta":"","astra-migrate-meta-layouts":"default","ast-page-background-enabled":"default","ast-page-background-meta":{"desktop":{"background-color":"var(--ast-global-color-4)","background-image":"","background-repeat":"repeat","background-position":"center center","background-size":"auto","background-attachment":"scroll","background-type":"","background-media":"","overlay-type":"","overlay-color":"","overlay-opacity":"","overlay-gradient":""},"tablet":{"background-color":"","background-image":"","background-repeat":"repeat","background-position":"center center","background-size":"auto","background-attachment":"scroll","background-type":"","background-media":"","overlay-type":"","overlay-color":"","overlay-opacity":"","overlay-gradient":""},"mobile":{"background-color":"","background-image":"","background-repeat":"repeat","background-position":"center center","background-size":"auto","background-attachment":"scroll","background-type":"","background-media":"","overlay-type":"","overlay-color":"","overlay-opacity":"","overlay-gradient":""}},"ast-content-background-meta":{"desktop":{"background-color":"var(--ast-global-color-5)","background-image":"","background-repeat":"repeat","background-position":"center center","background-size":"auto","background-attachment":"scroll","background-type":"","background-media":"","overlay-type":"","overlay-color":"","overlay-opacity":"","overlay-gradient":""},"tablet":{"background-color":"var(--ast-global-color-5)","background-image":"","background-repeat":"repeat","background-position":"center center","background-size":"auto","background-attachment":"scroll","background-type":"","background-media":"","overlay-type":"","overlay-color":"","overlay-opacity":"","overlay-gradient":""},"mobile":{"background-color":"var(--ast-global-color-5)","background-image":"","background-repeat":"repeat","background-position":"center center","background-size":"auto","background-attachment":"scroll","background-type":"","background-media":"","overlay-type":"","overlay-color":"","overlay-opacity":"","overlay-gradient":""}}},"product_brand":[],"product_cat":[28],"product_tag":[131,91,299,300,298,295],"class_list":{"0":"post-3286","1":"product","2":"type-product","3":"status-publish","4":"has-post-thumbnail","6":"product_cat-vasos","7":"product_tag-botellas-recicladas","8":"product_tag-coleccion","9":"product_tag-diseno","10":"product_tag-exluviso","11":"product_tag-mi-pasto-lindo","12":"product_tag-vasos-hechos-de-botellas","13":"desktop-align-left","14":"tablet-align-left","15":"mobile-align-left","17":"first","18":"instock","19":"taxable","20":"shipping-taxable","21":"purchasable","22":"product-type-simple"},"aioseo_notices":[],"_links":{"self":[{"href":"https:\/\/twoglass.co\/en\/wp-json\/wp\/v2\/product\/3286","targetHints":{"allow":["GET"]}}],"collection":[{"href":"https:\/\/twoglass.co\/en\/wp-json\/wp\/v2\/product"}],"about":[{"href":"https:\/\/twoglass.co\/en\/wp-json\/wp\/v2\/types\/product"}],"replies":[{"embeddable":true,"href":"https:\/\/twoglass.co\/en\/wp-json\/wp\/v2\/comments?post=3286"}],"wp:featuredmedia":[{"embeddable":true,"href":"https:\/\/twoglass.co\/en\/wp-json\/wp\/v2\/media\/3289"}],"wp:attachment":[{"href":"https:\/\/twoglass.co\/en\/wp-json\/wp\/v2\/media?parent=3286"}],"wp:term":[{"taxonomy":"product_brand","embeddable":true,"href":"https:\/\/twoglass.co\/en\/wp-json\/wp\/v2\/product_brand?post=3286"},{"taxonomy":"product_cat","embeddable":true,"href":"https:\/\/twoglass.co\/en\/wp-json\/wp\/v2\/product_cat?post=3286"},{"taxonomy":"product_tag","embeddable":true,"href":"https:\/\/twoglass.co\/en\/wp-json\/wp\/v2\/product_tag?post=3286"}],"curies":[{"name":"wp","href":"https:\/\/api.w.org\/{rel}","templated":true}]}}