{"id":3318,"date":"2025-02-06T23:27:36","date_gmt":"2025-02-06T23:27:36","guid":{"rendered":"https:\/\/twoglass.co\/?post_type=product&#038;p=3318"},"modified":"2025-12-17T19:51:13","modified_gmt":"2025-12-17T19:51:13","slug":"vasos-vidrio-reciclado-afro","status":"publish","type":"product","link":"https:\/\/twoglass.co\/en\/product\/vasos-vidrio-reciclado-afro\/","title":{"rendered":"Braided with Purpose Collection x6"},"content":{"rendered":"<p><strong>Trenzado con Prop\u00f3sito\u2019<\/strong> es la cultura afro plasmada en <strong>vasos hechos de botellas recicladas<\/strong>. Una colecci\u00f3n de <strong>seis vasos verdes, decorados con tinta blanca<\/strong>, que representan la historia y la identidad a trav\u00e9s del cabello<\/p>","protected":false},"excerpt":{"rendered":"<p>Descubre <strong>&#8216;Trenzado con Prop\u00f3sito&#8217;<\/strong>, una colecci\u00f3n de seis (6) vasos hechos a partir de botellas de vidrio recicladas, dise\u00f1ados en colaboraci\u00f3n con <strong>Tatoolaya<\/strong>. Esta serie rinde homenaje al arte del trenzado como s\u00edmbolo de <strong>identidad, resistencia y herencia cultural afro<\/strong>.<\/p>\n<p>Cada vaso es una obra de arte que fusiona la tradici\u00f3n con la sostenibilidad, reflejando la conexi\u00f3n con nuestras ra\u00edces y la belleza de la diversidad. <strong>Dise\u00f1o \u00fanico, historia profunda y compromiso con el medioambiente<\/strong>.<\/p>\n<p>\ud83d\udc9b <strong>Por qu\u00e9 amar\u00e1s esta colecci\u00f3n:<\/strong><br \/>\n\u2714\ufe0f Hechos de <strong>vidrio reciclado<\/strong> \u267b\ufe0f<br \/>\n\u2714\ufe0f <strong>Dise\u00f1os exclusivos<\/strong> inspirados en la ancestralidad afro<br \/>\n\u2714\ufe0f <strong>Producci\u00f3n responsable<\/strong> y de impacto positivo<\/p>\n<p>&nbsp;<\/p>","protected":false},"featured_media":3416,"comment_status":"open","ping_status":"closed","template":"","meta":{"site-sidebar-layout":"default","site-content-layout":"default","ast-site-content-layout":"default","site-content-style":"default","site-sidebar-style":"default","ast-global-header-display":"","ast-banner-title-visibility":"","ast-main-header-display":"","ast-hfb-above-header-display":"","ast-hfb-below-header-display":"","ast-hfb-mobile-header-display":"","site-post-title":"","ast-breadcrumbs-content":"","ast-featured-img":"","footer-sml-layout":"","ast-disable-related-posts":"","theme-transparent-header-meta":"default","adv-header-id-meta":"","stick-header-meta":"","header-above-stick-meta":"","header-main-stick-meta":"","header-below-stick-meta":"","astra-migrate-meta-layouts":"default","ast-page-background-enabled":"default","ast-page-background-meta":{"desktop":{"background-color":"var(--ast-global-color-4)","background-image":"","background-repeat":"repeat","background-position":"center center","background-size":"auto","background-attachment":"scroll","background-type":"","background-media":"","overlay-type":"","overlay-color":"","overlay-opacity":"","overlay-gradient":""},"tablet":{"background-color":"","background-image":"","background-repeat":"repeat","background-position":"center center","background-size":"auto","background-attachment":"scroll","background-type":"","background-media":"","overlay-type":"","overlay-color":"","overlay-opacity":"","overlay-gradient":""},"mobile":{"background-color":"","background-image":"","background-repeat":"repeat","background-position":"center center","background-size":"auto","background-attachment":"scroll","background-type":"","background-media":"","overlay-type":"","overlay-color":"","overlay-opacity":"","overlay-gradient":""}},"ast-content-background-meta":{"desktop":{"background-color":"var(--ast-global-color-5)","background-image":"","background-repeat":"repeat","background-position":"center center","background-size":"auto","background-attachment":"scroll","background-type":"","background-media":"","overlay-type":"","overlay-color":"","overlay-opacity":"","overlay-gradient":""},"tablet":{"background-color":"var(--ast-global-color-5)","background-image":"","background-repeat":"repeat","background-position":"center center","background-size":"auto","background-attachment":"scroll","background-type":"","background-media":"","overlay-type":"","overlay-color":"","overlay-opacity":"","overlay-gradient":""},"mobile":{"background-color":"var(--ast-global-color-5)","background-image":"","background-repeat":"repeat","background-position":"center center","background-size":"auto","background-attachment":"scroll","background-type":"","background-media":"","overlay-type":"","overlay-color":"","overlay-opacity":"","overlay-gradient":""}}},"product_brand":[],"product_cat":[28],"product_tag":[426,346,436,344,432,349,430,434,428,347,192,345,351,435,342,331,352,325,348,427,343,143,341,429,431,433,350],"class_list":{"0":"post-3318","1":"product","2":"type-product","3":"status-publish","4":"has-post-thumbnail","6":"product_cat-vasos","7":"product_tag-arte-afro","8":"product_tag-arte-con-proposito","9":"product_tag-arte-en-vidrio","10":"product_tag-coleccion-exclusiva","11":"product_tag-colecciones-con-proposito","12":"product_tag-cultura-afro","13":"product_tag-cultura-afrocolombiana","14":"product_tag-diseno-con-impacto-social","15":"product_tag-diseno-sostenible","16":"product_tag-diseno-unico","17":"product_tag-economia-circular","18":"product_tag-edicion-limitada","19":"product_tag-hechos-a-mano","20":"product_tag-herencia-cultural-afro","21":"product_tag-identidad-afro","22":"product_tag-preventa","23":"product_tag-produccion-sostenible","24":"product_tag-sostenibilidad","25":"product_tag-tatoolaya","26":"product_tag-trenzado-africano","27":"product_tag-trenzado-con-proposito","28":"product_tag-two-glass","29":"product_tag-vasos-de-vidrio-reciclado","30":"product_tag-vasos-decorativos","31":"product_tag-vasos-hechos-a-mano","32":"product_tag-vasos-reciclados-colombia","33":"product_tag-vidrio-reutilizado","34":"desktop-align-left","35":"tablet-align-left","36":"mobile-align-left","38":"first","39":"instock","40":"taxable","41":"shipping-taxable","42":"purchasable","43":"product-type-simple"},"aioseo_notices":[],"_links":{"self":[{"href":"https:\/\/twoglass.co\/en\/wp-json\/wp\/v2\/product\/3318","targetHints":{"allow":["GET"]}}],"collection":[{"href":"https:\/\/twoglass.co\/en\/wp-json\/wp\/v2\/product"}],"about":[{"href":"https:\/\/twoglass.co\/en\/wp-json\/wp\/v2\/types\/product"}],"replies":[{"embeddable":true,"href":"https:\/\/twoglass.co\/en\/wp-json\/wp\/v2\/comments?post=3318"}],"wp:featuredmedia":[{"embeddable":true,"href":"https:\/\/twoglass.co\/en\/wp-json\/wp\/v2\/media\/3416"}],"wp:attachment":[{"href":"https:\/\/twoglass.co\/en\/wp-json\/wp\/v2\/media?parent=3318"}],"wp:term":[{"taxonomy":"product_brand","embeddable":true,"href":"https:\/\/twoglass.co\/en\/wp-json\/wp\/v2\/product_brand?post=3318"},{"taxonomy":"product_cat","embeddable":true,"href":"https:\/\/twoglass.co\/en\/wp-json\/wp\/v2\/product_cat?post=3318"},{"taxonomy":"product_tag","embeddable":true,"href":"https:\/\/twoglass.co\/en\/wp-json\/wp\/v2\/product_tag?post=3318"}],"curies":[{"name":"wp","href":"https:\/\/api.w.org\/{rel}","templated":true}]}}