{"id":3647,"date":"2025-07-07T21:36:55","date_gmt":"2025-07-07T21:36:55","guid":{"rendered":"https:\/\/twoglass.co\/?post_type=product&#038;p=3647"},"modified":"2025-07-08T01:49:24","modified_gmt":"2025-07-08T01:49:24","slug":"viche-playa","status":"publish","type":"product","link":"https:\/\/twoglass.co\/en\/product\/viche-playa\/","title":{"rendered":"Viche Beach"},"content":{"rendered":"<p data-start=\"186\" data-end=\"407\">Viche Playa es fuerza ancestral embotellada. Con 40 grados de alcohol, esta bebida destilada honra las tradiciones del Pac\u00edfico colombiano, donde el viche nace de la ca\u00f1a y se transforma en medicina, ritual y celebraci\u00f3n.<\/p>\n<p data-start=\"409\" data-end=\"627\">Sus notas frescas evocan la playa, la brisa salada, la m\u00fasica de tambor y el calor del fog\u00f3n donde se cuentan historias. Es una bebida fuerte, como la tierra que la inspira, y suave como una ola que acaricia la orilla.<\/p>\n<p data-start=\"629\" data-end=\"781\">\ud83c\udf43 <strong data-start=\"632\" data-end=\"660\">40\u00b0 de alma del Pac\u00edfico<\/strong><br data-start=\"660\" data-end=\"663\" \/>\ud83c\udf0a Ideal para compartir, brindar y reconectar con el origen<br data-start=\"722\" data-end=\"725\" \/>\ud83c\udf31 Hecho a mano por comunidades que guardan la tradici\u00f3n<\/p>\n<p data-start=\"783\" data-end=\"826\"><strong data-start=\"783\" data-end=\"826\">Viche Playa no solo se bebe. Se siente.<\/strong><\/p>","protected":false},"excerpt":{"rendered":"<p data-start=\"186\" data-end=\"407\">Viche Playa es fuerza ancestral embotellada. Con 40 grados de alcohol, esta bebida destilada honra las tradiciones del Pac\u00edfico colombiano, donde el viche nace de la ca\u00f1a y se transforma en medicina, ritual y celebraci\u00f3n.<\/p>\n<p data-start=\"409\" data-end=\"627\">Sus notas frescas evocan la playa, la brisa salada, la m\u00fasica de tambor y el calor del fog\u00f3n donde se cuentan historias. Es una bebida fuerte, como la tierra que la inspira, y suave como una ola que acaricia la orilla.<\/p>\n<p data-start=\"629\" data-end=\"781\">\ud83c\udf43 <strong data-start=\"632\" data-end=\"660\">40\u00b0 de alma del Pac\u00edfico<\/strong><br data-start=\"660\" data-end=\"663\" \/>\ud83c\udf0a Ideal para compartir, brindar y reconectar con el origen<br data-start=\"722\" data-end=\"725\" \/>\ud83c\udf31 Hecho a mano por comunidades que guardan la tradici\u00f3n<\/p>\n<p data-start=\"783\" data-end=\"826\"><strong data-start=\"783\" data-end=\"826\">Viche Playa no solo se bebe. Se siente.<\/strong><\/p>","protected":false},"featured_media":3652,"comment_status":"open","ping_status":"closed","template":"","meta":{"site-sidebar-layout":"default","site-content-layout":"default","ast-site-content-layout":"default","site-content-style":"default","site-sidebar-style":"default","ast-global-header-display":"","ast-banner-title-visibility":"","ast-main-header-display":"","ast-hfb-above-header-display":"","ast-hfb-below-header-display":"","ast-hfb-mobile-header-display":"","site-post-title":"","ast-breadcrumbs-content":"","ast-featured-img":"","footer-sml-layout":"","ast-disable-related-posts":"","theme-transparent-header-meta":"default","adv-header-id-meta":"","stick-header-meta":"","header-above-stick-meta":"","header-main-stick-meta":"","header-below-stick-meta":"","astra-migrate-meta-layouts":"default","ast-page-background-enabled":"default","ast-page-background-meta":{"desktop":{"background-color":"var(--ast-global-color-4)","background-image":"","background-repeat":"repeat","background-position":"center center","background-size":"auto","background-attachment":"scroll","background-type":"","background-media":"","overlay-type":"","overlay-color":"","overlay-opacity":"","overlay-gradient":""},"tablet":{"background-color":"","background-image":"","background-repeat":"repeat","background-position":"center center","background-size":"auto","background-attachment":"scroll","background-type":"","background-media":"","overlay-type":"","overlay-color":"","overlay-opacity":"","overlay-gradient":""},"mobile":{"background-color":"","background-image":"","background-repeat":"repeat","background-position":"center center","background-size":"auto","background-attachment":"scroll","background-type":"","background-media":"","overlay-type":"","overlay-color":"","overlay-opacity":"","overlay-gradient":""}},"ast-content-background-meta":{"desktop":{"background-color":"var(--ast-global-color-5)","background-image":"","background-repeat":"repeat","background-position":"center center","background-size":"auto","background-attachment":"scroll","background-type":"","background-media":"","overlay-type":"","overlay-color":"","overlay-opacity":"","overlay-gradient":""},"tablet":{"background-color":"var(--ast-global-color-5)","background-image":"","background-repeat":"repeat","background-position":"center center","background-size":"auto","background-attachment":"scroll","background-type":"","background-media":"","overlay-type":"","overlay-color":"","overlay-opacity":"","overlay-gradient":""},"mobile":{"background-color":"var(--ast-global-color-5)","background-image":"","background-repeat":"repeat","background-position":"center center","background-size":"auto","background-attachment":"scroll","background-type":"","background-media":"","overlay-type":"","overlay-color":"","overlay-opacity":"","overlay-gradient":""}}},"product_brand":[],"product_cat":[149],"product_tag":[],"class_list":{"0":"post-3647","1":"product","2":"type-product","3":"status-publish","4":"has-post-thumbnail","6":"product_cat-multimarca","7":"pa_cantidad-375-ml","8":"pa_cantidad-750-ml","9":"pa_cantidad-90-ml","10":"desktop-align-left","11":"tablet-align-left","12":"mobile-align-left","14":"first","15":"instock","16":"taxable","17":"shipping-taxable","18":"purchasable","19":"product-type-variable"},"aioseo_notices":[],"_links":{"self":[{"href":"https:\/\/twoglass.co\/en\/wp-json\/wp\/v2\/product\/3647","targetHints":{"allow":["GET"]}}],"collection":[{"href":"https:\/\/twoglass.co\/en\/wp-json\/wp\/v2\/product"}],"about":[{"href":"https:\/\/twoglass.co\/en\/wp-json\/wp\/v2\/types\/product"}],"replies":[{"embeddable":true,"href":"https:\/\/twoglass.co\/en\/wp-json\/wp\/v2\/comments?post=3647"}],"wp:featuredmedia":[{"embeddable":true,"href":"https:\/\/twoglass.co\/en\/wp-json\/wp\/v2\/media\/3652"}],"wp:attachment":[{"href":"https:\/\/twoglass.co\/en\/wp-json\/wp\/v2\/media?parent=3647"}],"wp:term":[{"taxonomy":"product_brand","embeddable":true,"href":"https:\/\/twoglass.co\/en\/wp-json\/wp\/v2\/product_brand?post=3647"},{"taxonomy":"product_cat","embeddable":true,"href":"https:\/\/twoglass.co\/en\/wp-json\/wp\/v2\/product_cat?post=3647"},{"taxonomy":"product_tag","embeddable":true,"href":"https:\/\/twoglass.co\/en\/wp-json\/wp\/v2\/product_tag?post=3647"}],"curies":[{"name":"wp","href":"https:\/\/api.w.org\/{rel}","templated":true}]}}