{"id":4005,"date":"2026-05-10T17:55:30","date_gmt":"2026-05-10T17:55:30","guid":{"rendered":"https:\/\/twoglass.co\/?post_type=product&#038;p=4005"},"modified":"2026-05-10T18:45:04","modified_gmt":"2026-05-10T18:45:04","slug":"serigrafia-de-401-a-600-unidades","status":"publish","type":"product","link":"https:\/\/twoglass.co\/en\/product\/serigrafia-de-401-a-600-unidades\/","title":{"rendered":"Serigraf\u00eda de 401 a 600 unidades"},"content":{"rendered":"<p data-start=\"41\" data-end=\"309\">Lleva tu marca, dise\u00f1o o mensaje a otro nivel con nuestro servicio de serigraf\u00eda personalizada sobre productos. En Two Glass realizamos procesos de impresi\u00f3n cuidadosamente desarrollados para lograr acabados limpios, funcionales y acordes a cada material y superficie.<\/p>\n<p data-start=\"311\" data-end=\"548\">Trabajamos producciones desde 4<strong>01 hasta 600 unidades<\/strong> a <strong data-start=\"368\" data-end=\"386\">una sola tinta<\/strong>.<br data-start=\"387\" data-end=\"390\" \/>Si tu dise\u00f1o requiere m\u00e1s colores, debes indicar en la cantidad de compra el n\u00famero de tintas que deseas utilizar para poder cotizar correctamente el proceso.<\/p>\n<h3 data-section-id=\"1i2d32o\" data-start=\"550\" data-end=\"572\">Tiempos de entrega<\/h3>\n<p data-start=\"573\" data-end=\"704\">El tiempo estimado de producci\u00f3n es de <strong data-start=\"612\" data-end=\"635\">5 a 10 d\u00edas h\u00e1biles<\/strong>, dependiendo de la complejidad del trabajo y la cantidad solicitada.<\/p>\n<p data-start=\"706\" data-end=\"749\">La producci\u00f3n inicia \u00fanicamente despu\u00e9s de:<\/p>\n<ul data-start=\"750\" data-end=\"805\">\n<li data-section-id=\"atbfp6\" data-start=\"750\" data-end=\"780\">Aprobaci\u00f3n final del dise\u00f1o.<\/li>\n<li data-section-id=\"13f1w7q\" data-start=\"781\" data-end=\"805\">Confirmaci\u00f3n del pago.<\/li>\n<\/ul>\n<h3 data-section-id=\"1wp2bjk\" data-start=\"807\" data-end=\"849\">Importante antes de realizar tu compra<\/h3>\n<p data-start=\"850\" data-end=\"905\">Te recomendamos validar previamente con nuestro equipo:<\/p>\n<ul data-start=\"906\" data-end=\"1060\">\n<li data-section-id=\"1cao2bh\" data-start=\"906\" data-end=\"945\">Si el dise\u00f1o es apto para serigraf\u00eda.<\/li>\n<li data-section-id=\"1eztzw9\" data-start=\"946\" data-end=\"1018\">Si el material o producto permite una correcta aplicaci\u00f3n del proceso.<\/li>\n<li data-section-id=\"11x56t0\" data-start=\"1019\" data-end=\"1060\">Tama\u00f1os, tintas y acabados disponibles.<\/li>\n<\/ul>\n<p data-start=\"1062\" data-end=\"1147\">Esto nos permite garantizar mejores resultados y evitar inconvenientes en producci\u00f3n.<\/p>\n<h3 data-section-id=\"c2xv9m\" data-start=\"1149\" data-end=\"1189\">Env\u00edo de productos desde otra ciudad<\/h3>\n<p data-start=\"1190\" data-end=\"1283\">Si te encuentras fuera de Cali, puedes enviarnos tus productos directamente a nuestra bodega:<\/p>\n<p data-start=\"1285\" data-end=\"1366\"><strong data-start=\"1285\" data-end=\"1308\">Two Glass S.A.S BIC<\/strong><br data-start=\"1308\" data-end=\"1311\" \/>Calle 34 # 1N &#8211; 43 Esquina<br data-start=\"1337\" data-end=\"1340\" \/>Barrio San Francisco, Cali<\/p>\n<h3 data-section-id=\"u00ech\" data-start=\"1368\" data-end=\"1394\">Confirmaci\u00f3n de compra<\/h3>\n<p data-start=\"1395\" data-end=\"1641\">Recuerda que el pago realizado corresponde al servicio de serigraf\u00eda para producciones entre <strong data-start=\"1488\" data-end=\"1520\">1 y 200 unidades a una tinta<\/strong>.<br data-start=\"1521\" data-end=\"1524\" \/>En caso de requerir m\u00e1s tintas o procesos adicionales, el valor puede variar seg\u00fan las especificaciones del proyecto.<\/p>\n<h3 data-section-id=\"1u9floj\" data-start=\"1643\" data-end=\"1662\">Recomendaciones<\/h3>\n<ul data-start=\"1663\" data-end=\"1946\" data-is-last-node=\"\" data-is-only-node=\"\">\n<li data-section-id=\"xw19fj\" data-start=\"1663\" data-end=\"1719\">Enviar archivos en buena calidad o formatos editables.<\/li>\n<li data-section-id=\"1jm3etx\" data-start=\"1720\" data-end=\"1773\">Confirmar medidas de impresi\u00f3n antes de producci\u00f3n.<\/li>\n<li data-section-id=\"1d1zwhc\" data-start=\"1774\" data-end=\"1832\">Verificar cantidades finales antes de aprobar el dise\u00f1o.<\/li>\n<li data-section-id=\"bforpi\" data-start=\"1833\" data-end=\"1946\" data-is-last-node=\"\">Algunos materiales pueden presentar variaciones naturales en acabado o adherencia de tinta seg\u00fan su superficie.<\/li>\n<\/ul>","protected":false},"excerpt":{"rendered":"<p>Servicio de serigraf\u00eda personalizada para productos desde 1 hasta 200 unidades a una tinta. Tiempo de entrega estimado de 5 a 10 d\u00edas h\u00e1biles, sujeto a complejidad del proyecto. La producci\u00f3n inicia con aprobaci\u00f3n del dise\u00f1o y confirmaci\u00f3n del pago. Si est\u00e1s en otra ciudad, puedes enviar tus productos a nuestra bodega en Cali. Antes de comprar, valida con nuestro equipo la viabilidad de impresi\u00f3n sobre tu producto y dise\u00f1o. El precio incluye IVA. Envi\u00f3 se cotiza al final de la entrega del producto finalizado<\/p>","protected":false},"featured_media":4008,"comment_status":"closed","ping_status":"closed","template":"","meta":{"site-sidebar-layout":"default","site-content-layout":"","ast-site-content-layout":"default","site-content-style":"default","site-sidebar-style":"default","ast-global-header-display":"","ast-banner-title-visibility":"","ast-main-header-display":"","ast-hfb-above-header-display":"","ast-hfb-below-header-display":"","ast-hfb-mobile-header-display":"","site-post-title":"","ast-breadcrumbs-content":"","ast-featured-img":"","footer-sml-layout":"","ast-disable-related-posts":"","theme-transparent-header-meta":"default","adv-header-id-meta":"","stick-header-meta":"","header-above-stick-meta":"","header-main-stick-meta":"","header-below-stick-meta":"","astra-migrate-meta-layouts":"set","ast-page-background-enabled":"default","ast-page-background-meta":{"desktop":{"background-color":"var(--ast-global-color-4)","background-image":"","background-repeat":"repeat","background-position":"center center","background-size":"auto","background-attachment":"scroll","background-type":"","background-media":"","overlay-type":"","overlay-color":"","overlay-opacity":"","overlay-gradient":""},"tablet":{"background-color":"","background-image":"","background-repeat":"repeat","background-position":"center center","background-size":"auto","background-attachment":"scroll","background-type":"","background-media":"","overlay-type":"","overlay-color":"","overlay-opacity":"","overlay-gradient":""},"mobile":{"background-color":"","background-image":"","background-repeat":"repeat","background-position":"center center","background-size":"auto","background-attachment":"scroll","background-type":"","background-media":"","overlay-type":"","overlay-color":"","overlay-opacity":"","overlay-gradient":""}},"ast-content-background-meta":{"desktop":{"background-color":"var(--ast-global-color-5)","background-image":"","background-repeat":"repeat","background-position":"center center","background-size":"auto","background-attachment":"scroll","background-type":"","background-media":"","overlay-type":"","overlay-color":"","overlay-opacity":"","overlay-gradient":""},"tablet":{"background-color":"var(--ast-global-color-5)","background-image":"","background-repeat":"repeat","background-position":"center center","background-size":"auto","background-attachment":"scroll","background-type":"","background-media":"","overlay-type":"","overlay-color":"","overlay-opacity":"","overlay-gradient":""},"mobile":{"background-color":"var(--ast-global-color-5)","background-image":"","background-repeat":"repeat","background-position":"center center","background-size":"auto","background-attachment":"scroll","background-type":"","background-media":"","overlay-type":"","overlay-color":"","overlay-opacity":"","overlay-gradient":""}}},"product_brand":[],"product_cat":[30],"product_tag":[705,704,702,700,701,329,703,102],"class_list":{"0":"post-4005","1":"product","2":"type-product","3":"status-publish","4":"has-post-thumbnail","6":"product_cat-serigrafia-tampografia","7":"product_tag-estampado-para-laboratorios","8":"product_tag-estampado-sobre-vidrio","9":"product_tag-marca","10":"product_tag-plastico","11":"product_tag-productos-cilindricos","12":"product_tag-serigrafia","13":"product_tag-serigrafia-sobre-vidrio","14":"product_tag-vidrio","15":"desktop-align-left","16":"tablet-align-left","17":"mobile-align-left","19":"first","20":"instock","21":"taxable","22":"shipping-taxable","23":"purchasable","24":"product-type-simple"},"aioseo_notices":[],"_links":{"self":[{"href":"https:\/\/twoglass.co\/en\/wp-json\/wp\/v2\/product\/4005","targetHints":{"allow":["GET"]}}],"collection":[{"href":"https:\/\/twoglass.co\/en\/wp-json\/wp\/v2\/product"}],"about":[{"href":"https:\/\/twoglass.co\/en\/wp-json\/wp\/v2\/types\/product"}],"replies":[{"embeddable":true,"href":"https:\/\/twoglass.co\/en\/wp-json\/wp\/v2\/comments?post=4005"}],"wp:featuredmedia":[{"embeddable":true,"href":"https:\/\/twoglass.co\/en\/wp-json\/wp\/v2\/media\/4008"}],"wp:attachment":[{"href":"https:\/\/twoglass.co\/en\/wp-json\/wp\/v2\/media?parent=4005"}],"wp:term":[{"taxonomy":"product_brand","embeddable":true,"href":"https:\/\/twoglass.co\/en\/wp-json\/wp\/v2\/product_brand?post=4005"},{"taxonomy":"product_cat","embeddable":true,"href":"https:\/\/twoglass.co\/en\/wp-json\/wp\/v2\/product_cat?post=4005"},{"taxonomy":"product_tag","embeddable":true,"href":"https:\/\/twoglass.co\/en\/wp-json\/wp\/v2\/product_tag?post=4005"}],"curies":[{"name":"wp","href":"https:\/\/api.w.org\/{rel}","templated":true}]}}